{"id":289,"date":"2016-06-30T23:22:45","date_gmt":"2016-06-30T21:22:45","guid":{"rendered":"http:\/\/www.cronopio.de\/instrumentenausstellung\/?page_id=289"},"modified":"2018-08-15T23:22:35","modified_gmt":"2018-08-15T21:22:35","slug":"maultrommel","status":"publish","type":"page","link":"http:\/\/www.cronopio.de\/instrumentenausstellung\/instrumentenfamilien\/maultrommel\/","title":{"rendered":"Maultrommel"},"content":{"rendered":"<table style=\"border-color: white; width: 100%;\">\n<colgroup>\n<col width=\"33%\" \/>\n<col width=\"33%\" \/>\n<col width=\"33%\" \/> <\/colgroup>\n<tbody>\n<tr>\n<td><\/td>\n<td>\n<\/td>\n<td style=\"text-align: right;\"><audio controls><source src=\"http:\/\/www.cronopio.de\/instrumentenausstellung\/wp-content\/uploads\/sites\/2\/2016\/07\/maultrommel.mp3\" type=\"audio\/mpeg\">Your browser does not support the audio element.<\/audio><br \/>\n<i><strong>Maultrommel<\/strong><br \/>Giorgio Mainerio: Ungarescha,<\/br> Ausf\u00fchrender: Ulrich Alpers<\/i>\n<\/td>\n<\/tr>\n<\/tbody>\n<\/table>\n<figure id=\"attachment_817\" aria-describedby=\"caption-attachment-817\" style=\"width: 273px\" class=\"wp-caption alignleft\"><a href=\"http:\/\/www.cronopio.de\/instrumentenausstellung\/wp-content\/uploads\/sites\/2\/2016\/07\/tb_Maultrommel_triumphzug.jpg\"><img loading=\"lazy\" decoding=\"async\" src=\"http:\/\/www.cronopio.de\/instrumentenausstellung\/wp-content\/uploads\/sites\/2\/2016\/07\/tb_Maultrommel_triumphzug-273x300.jpg\" alt=\"Musiker mit Maultrommel, Detail aus \u201eDie nat\u00fcrlichen Narren: Gylyme, Pock, G\u00fclschich, Caspar, Hans Wynnter, Guggeryllis\u201c, aus dem Triumphzug Kaiser Maximillians I., Hans Burgkmaier der \u00c4ltere, um 1517.\" width=\"273\" height=\"300\" class=\"size-medium wp-image-817\" srcset=\"http:\/\/www.cronopio.de\/instrumentenausstellung\/wp-content\/uploads\/sites\/2\/2016\/07\/tb_Maultrommel_triumphzug-273x300.jpg 273w, http:\/\/www.cronopio.de\/instrumentenausstellung\/wp-content\/uploads\/sites\/2\/2016\/07\/tb_Maultrommel_triumphzug.jpg 662w\" sizes=\"auto, (max-width: 273px) 100vw, 273px\" \/><\/a><figcaption id=\"caption-attachment-817\" class=\"wp-caption-text\">Musiker mit Maultrommel, Detail aus \u201eDie nat\u00fcrlichen Narren: Gylyme, Pock, G\u00fclschich, Caspar, Hans Wynnter, Guggeryllis\u201c, aus dem Triumphzug Kaiser Maximillians I., Hans Burgkmaier der \u00c4ltere, um 1517.<\/figcaption><\/figure>\n<p>Der Urahn dieses sehr alten, fast weltweit verbreiteten Instruments d\u00fcrfte eine asiatische Bambus-Maultrommel gewesen sein. In S\u00fcdostasien sind solche Bambus- und Holz-Instrumente noch heute weit verbreitet. In Europa ist die Maultrommel seit dem fr\u00fchen Mittelalter nachgewiesen.<\/p>\n<p>Ein europ\u00e4isches Zen\u00adtrum der Maultrommelherstellung ist Molln in Ober\u00f6sterreich, wo sich im 17. Jahr\u00adhundert eine Zunft der Maultrommelmacher etablierte (Handwerksordnung f\u00fcr Maultrommelmacher, 1679); das Spiel auf Maultrommel ist auf der UNESCO-Liste des Immateriellen Kulturguts in \u00d6sterreich verzeichnet.<\/p>\n<figure id=\"attachment_1234\" aria-describedby=\"caption-attachment-1234\" style=\"width: 240px\" class=\"wp-caption alignright\"><a href=\"http:\/\/www.cronopio.de\/instrumentenausstellung\/wp-content\/uploads\/sites\/2\/2016\/06\/maultrommeljunge.jpg\"><img loading=\"lazy\" decoding=\"async\" src=\"http:\/\/www.cronopio.de\/instrumentenausstellung\/wp-content\/uploads\/sites\/2\/2016\/06\/maultrommeljunge-240x300.jpg\" alt=\"Dirk van Baburen, Junge mit Maultrommel (1621).\" width=\"240\" height=\"300\" class=\"size-medium wp-image-1234\" srcset=\"http:\/\/www.cronopio.de\/instrumentenausstellung\/wp-content\/uploads\/sites\/2\/2016\/06\/maultrommeljunge-240x300.jpg 240w, http:\/\/www.cronopio.de\/instrumentenausstellung\/wp-content\/uploads\/sites\/2\/2016\/06\/maultrommeljunge.jpg 530w\" sizes=\"auto, (max-width: 240px) 100vw, 240px\" \/><\/a><figcaption id=\"caption-attachment-1234\" class=\"wp-caption-text\">Dirk van Baburen, Junge mit Maultrommel (1621).<\/figcaption><\/figure>\n<p>\u00dcber die Volksmusik hinaus wurde die Maultrommel vereinzelt auch in der klassischen Musik gebraucht: Johann Georg Albrechtsberger (1736-1809), Lehrer Beethovens, schrieb mehrere Konzerte f\u00fcr Maultrommel und Orchester \u2013 wobei hierbei der Spieler w\u00e4hrend des St\u00fccks schnell zwischen verschieden gestimmten Maultrommeln wechseln muss.<\/p>\n","protected":false},"excerpt":{"rendered":"<p>Your browser does not support the audio element. MaultrommelGiorgio Mainerio: Ungarescha, Ausf\u00fchrender: Ulrich Alpers Der Urahn dieses sehr alten, fast weltweit verbreiteten Instruments d\u00fcrfte eine asiatische Bambus-Maultrommel gewesen sein. In S\u00fcdostasien sind solche Bambus- und Holz-Instrumente noch heute weit verbreitet. In Europa ist die Maultrommel seit dem fr\u00fchen Mittelalter nachgewiesen. &hellip;<\/p>\n","protected":false},"author":1,"featured_media":0,"parent":339,"menu_order":5,"comment_status":"closed","ping_status":"closed","template":"","meta":{"_crdt_document":"","_themeisle_gutenberg_block_has_review":false,"h5ap_radio_sources":[],"footnotes":""},"class_list":["post-289","page","type-page","status-publish","hentry"],"_links":{"self":[{"href":"http:\/\/www.cronopio.de\/instrumentenausstellung\/wp-json\/wp\/v2\/pages\/289","targetHints":{"allow":["GET"]}}],"collection":[{"href":"http:\/\/www.cronopio.de\/instrumentenausstellung\/wp-json\/wp\/v2\/pages"}],"about":[{"href":"http:\/\/www.cronopio.de\/instrumentenausstellung\/wp-json\/wp\/v2\/types\/page"}],"author":[{"embeddable":true,"href":"http:\/\/www.cronopio.de\/instrumentenausstellung\/wp-json\/wp\/v2\/users\/1"}],"replies":[{"embeddable":true,"href":"http:\/\/www.cronopio.de\/instrumentenausstellung\/wp-json\/wp\/v2\/comments?post=289"}],"version-history":[{"count":3,"href":"http:\/\/www.cronopio.de\/instrumentenausstellung\/wp-json\/wp\/v2\/pages\/289\/revisions"}],"predecessor-version":[{"id":1235,"href":"http:\/\/www.cronopio.de\/instrumentenausstellung\/wp-json\/wp\/v2\/pages\/289\/revisions\/1235"}],"up":[{"embeddable":true,"href":"http:\/\/www.cronopio.de\/instrumentenausstellung\/wp-json\/wp\/v2\/pages\/339"}],"wp:attachment":[{"href":"http:\/\/www.cronopio.de\/instrumentenausstellung\/wp-json\/wp\/v2\/media?parent=289"}],"curies":[{"name":"wp","href":"https:\/\/api.w.org\/{rel}","templated":true}]}}