{"id":273,"date":"2016-06-30T23:04:23","date_gmt":"2016-06-30T21:04:23","guid":{"rendered":"http:\/\/www.cronopio.de\/instrumentenausstellung\/?page_id=273"},"modified":"2018-08-15T23:22:35","modified_gmt":"2018-08-15T21:22:35","slug":"schalmei-und-pommer","status":"publish","type":"page","link":"http:\/\/www.cronopio.de\/instrumentenausstellung\/instrumentenfamilien\/rohrblattinstrumente\/schalmei-und-pommer\/","title":{"rendered":"Schalmei und Pommer"},"content":{"rendered":"<!--[if lt IE 9]><script>document.createElement('audio');<\/script><![endif]-->\n\t<div class=\"wp-playlist wp-audio-playlist wp-playlist-light\">\n\t\t\t<div class=\"wp-playlist-current-item\"><\/div>\n\t\t<audio controls=\"controls\" preload=\"none\" width=\"1475\"\n\t\t\t><\/audio>\n\t<div class=\"wp-playlist-next\"><\/div>\n\t<div class=\"wp-playlist-prev\"><\/div>\n\t<noscript>\n\t<ol>\n\t\t<li><a href='http:\/\/www.cronopio.de\/instrumentenausstellung\/wp-content\/uploads\/sites\/2\/2016\/07\/schalmei_pommer.mp3'>Schalmei und Tenor-Pommer: Zucht eer und lob<\/a><\/li>\t<\/ol>\n\t<\/noscript>\n\t<script type=\"application\/json\" class=\"wp-playlist-script\">{\"type\":\"audio\",\"tracklist\":false,\"tracknumbers\":true,\"images\":false,\"artists\":false,\"tracks\":[{\"src\":\"http:\\\/\\\/www.cronopio.de\\\/instrumentenausstellung\\\/wp-content\\\/uploads\\\/sites\\\/2\\\/2016\\\/07\\\/schalmei_pommer.mp3\",\"type\":\"audio\\\/mpeg\",\"title\":\"Schalmei und Tenor-Pommer: Zucht eer und lob\",\"caption\":\"Schalmei und Tenor-Pommer: Zucht eer und lob\",\"description\":\"\",\"meta\":{\"artist\":\"Eva Stangler-Alpers, Ulrich Alpers\",\"album\":\"Heinrich Isaac\",\"length_formatted\":\"1:25\"},\"image\":{\"src\":\"http:\\\/\\\/www.cronopio.de\\\/instrumentenausstellung\\\/wp-includes\\\/images\\\/media\\\/audio.svg\",\"width\":48,\"height\":64},\"thumb\":{\"src\":\"http:\\\/\\\/www.cronopio.de\\\/instrumentenausstellung\\\/wp-includes\\\/images\\\/media\\\/audio.svg\",\"width\":48,\"height\":64}}]}<\/script>\n<\/div>\n\t\n<figure id=\"attachment_1018\" aria-describedby=\"caption-attachment-1018\" style=\"width: 300px\" class=\"wp-caption alignleft\"><a href=\"http:\/\/www.cronopio.de\/instrumentenausstellung\/instrumentenfamilien\/rohrblattinstrumente\/schalmei-und-pommer\/schalmei_codex-manesse\/\"><img loading=\"lazy\" decoding=\"async\" class=\"wp-image-1018 size-medium\" src=\"http:\/\/www.cronopio.de\/instrumentenausstellung\/wp-content\/uploads\/sites\/2\/2016\/06\/Schalmei_codex-manesse-300x248.jpg\" alt=\"Musiker mit Schalmei, Ausschnitt aus \u201eAlbrecht Marschall von Rapperswil\u201c, Codex Manesse, 14. Jahrhundert.\" width=\"300\" height=\"248\" srcset=\"http:\/\/www.cronopio.de\/instrumentenausstellung\/wp-content\/uploads\/sites\/2\/2016\/06\/Schalmei_codex-manesse-300x248.jpg 300w, http:\/\/www.cronopio.de\/instrumentenausstellung\/wp-content\/uploads\/sites\/2\/2016\/06\/Schalmei_codex-manesse.jpg 722w\" sizes=\"auto, (max-width: 300px) 100vw, 300px\" \/><\/a><figcaption id=\"caption-attachment-1018\" class=\"wp-caption-text\">Musiker mit Schalmei, Ausschnitt aus \u201eAlbrecht Marschall von Rapperswil\u201c, Codex Manesse, 14. Jahrhundert.<\/figcaption><\/figure>\n<p>Die Schalmei ist \u2013 wie der aus ihr hervorgegangene Pommer \u2013 ein <strong>Doppelrohrblattinstrument<\/strong> mit einfacher, konischer Bohrung, die i.A. in einem gro\u00dfen Schalltrichter ausl\u00e4uft. Sie hat 6 oder 7 Griffl\u00f6cher auf der Vorderseite und kann ein Daumenloch haben. Der Ton ist angenehm, aber laut und gelegentlich scharf. (Glauben Sie nicht dem Idyll von den Hirten, die dem neugeborenen Jesuskind lieblich auf der Schalmei vorspielten \u2013 seine Mutter h\u00e4tte sie hochkant hinausgeworfen.) Urspr\u00fcnglich hatte die Schalmei, wie ihre orientalischen Verwandten bis heute, eine Lippenst\u00fctze (sog. <strong><i>Pirouette<\/i><\/strong>), im einfachsten Fall eine Scheibe am oberen Ende mit einem Loch in der Mitte, in das das Rohrblatt gesteckt wird. Die Lippen des Spielers st\u00fctzen sich an dieser Scheibe ab, das Rohrblatt schwingt frei in der Mundh\u00f6hle wie in einer Windkapsel. Man kann auf diese Weise mittels Zirkularatmung (Einatmen w\u00e4hrend des Blasens) sehr lange melismatische Passagen spielen, wie sie z.B. auch f\u00fcr Dudelsackmusik charakteristisch sind; aber es fehlen \u2013 wie beim Dudelsack \u2013 die M\u00f6glichkeiten der rhythmischen Gestaltung und Phrasierung durch k\u00fcrzere T\u00f6ne sowie der Dynamik, auch l\u00e4sst sich das Instrument nicht sehr gut \u00fcberblasen. Deshalb kam in der Renaissance neben der Spielweise mit Pirouette auch der \u201emoderne\u201c Lippenansatz in Gebrauch.<\/p>\n<figure id=\"attachment_668\" aria-describedby=\"caption-attachment-668\" style=\"width: 213px\" class=\"wp-caption alignright\"><a href=\"http:\/\/www.cronopio.de\/instrumentenausstellung\/instrumentenfamilien\/floeteninstrumente\/codex-1448-schalmei\/\"><img loading=\"lazy\" decoding=\"async\" class=\"wp-image-668 size-medium\" src=\"http:\/\/www.cronopio.de\/instrumentenausstellung\/wp-content\/uploads\/sites\/2\/2016\/06\/codex-1448-schalmei-213x300.jpg\" alt=\"Musiker mit Harfe und Schalmei, Detail aus dem Manuskript \u201eCum superius sufficienter pro iuvenum\u201c, 1448.\" width=\"213\" height=\"300\" srcset=\"http:\/\/www.cronopio.de\/instrumentenausstellung\/wp-content\/uploads\/sites\/2\/2016\/06\/codex-1448-schalmei-213x300.jpg 213w, http:\/\/www.cronopio.de\/instrumentenausstellung\/wp-content\/uploads\/sites\/2\/2016\/06\/codex-1448-schalmei.jpg 414w\" sizes=\"auto, (max-width: 213px) 100vw, 213px\" \/><\/a><figcaption id=\"caption-attachment-668\" class=\"wp-caption-text\">Musiker mit Harfe und Schalmei, Detail aus dem<br \/> Manuskript \u201eCum superius sufficienter pro iuvenum\u201c, 1448.<\/figcaption><\/figure>\n<p>Die Schalmei stammt <strong>aus dem Orient<\/strong> und d\u00fcrfte aus der von China bis zum Balkan und in Nordafrika heute noch verwendeten Zurna (t\u00fcrkisch) bzw. Mizmar (arabisch) hervorgegangen sein. Sie kam im Mittelalter durch Kreuzfahrer und H\u00e4ndler aus dem S\u00fcdosten und \u00fcber die Mauren in Spanien aus dem S\u00fcdwesten nach Mitteleuropa (fr\u00fcheste Belege in der Literatur des 13. Jahrhunderts) und erfreute sich hier schnell gro\u00dfer Beliebtheit, zuerst als Hirteninstrument, dann aber auch in der \u201eKunstmusik\u201c. Ihr Name kommt vom lateinischen <i>calamus<\/i> (Schilfrohr, ein Hinweis auf die Tonerzeugung per Rohrblatt) Im 15. Jahrhundert erm\u00f6glichte die Erfindung von Klappenmechanismen die Entwicklung gr\u00f6\u00dferer Instrumente in tieferen Stimmlagen.<\/p>\n<figure id=\"attachment_1021\" aria-describedby=\"caption-attachment-1021\" style=\"width: 300px\" class=\"wp-caption alignleft\"><a href=\"http:\/\/www.cronopio.de\/instrumentenausstellung\/instrumentenfamilien\/rohrblattinstrumente\/schalmei-und-pommer\/schalmei_virdung\/\"><img loading=\"lazy\" decoding=\"async\" class=\"wp-image-1021 size-medium\" src=\"http:\/\/www.cronopio.de\/instrumentenausstellung\/wp-content\/uploads\/sites\/2\/2016\/06\/schalmei_virdung-300x67.jpg\" alt=\"Schalmei und Pommer in Musica getutscht, Sebastian Virdung, 1511.\" width=\"300\" height=\"67\" srcset=\"http:\/\/www.cronopio.de\/instrumentenausstellung\/wp-content\/uploads\/sites\/2\/2016\/06\/schalmei_virdung-300x67.jpg 300w, http:\/\/www.cronopio.de\/instrumentenausstellung\/wp-content\/uploads\/sites\/2\/2016\/06\/schalmei_virdung-768x173.jpg 768w, http:\/\/www.cronopio.de\/instrumentenausstellung\/wp-content\/uploads\/sites\/2\/2016\/06\/schalmei_virdung.jpg 948w\" sizes=\"auto, (max-width: 300px) 100vw, 300px\" \/><\/a><figcaption id=\"caption-attachment-1021\" class=\"wp-caption-text\">Schalmei und Pommer in<br \/> Musica getutscht,<br \/> Sebastian Virdung, 1511.<\/figcaption><\/figure>\n<p>Eine solche gr\u00f6\u00dfere Schalmei wird <strong>Pommer<\/strong> (Bombarde, Bomhart) genannt. Praetorius erkl\u00e4rt den Namen so: \u201ePommern (Italice <em>Bombardo<\/em>, oder <em>Un Bombardone<\/em>&#8230;) haben ihren Namen ohn allen zweiffel von <em>bombo<\/em>, vom Summen und Brummen\u201c \u2013 wobei hinzugef\u00fcgt werden muss, dass Praetorius kein leises Summen und zartes Brummen meinte&#8230;<\/p>\n<p>Praetorius gibt f\u00fcr die Pommern die <strong>Stimmlagen<\/strong> Alt, Nicolo, Tenor, Bass und Gro\u00dfbass an. Nicolo, Tenor, Bass und Gro\u00dfbass sind \u201eextendierte\u201c Instrumente: Ihr normales Griffschema entspricht der nominellen Stimmlage, ihre L\u00e4nge aber der n\u00e4chst-tieferen. Zus\u00e4tzliche Klappen f\u00fcr den kleinen Finger und den Daumen der unteren Hand (heutzutage \u00fcblicherweise der rechten) erschlie\u00dfen dem Spieler den tieferen Bereich \u2013 behelfsm\u00e4\u00dfig, denn der Klappenmechanismus ist oft recht tr\u00e4ge und die Ansprache dieser tiefen T\u00f6ne schlechter als die der h\u00f6heren Lage. Was es mit dem Namen \u201eNicolo\u201c f\u00fcr den extendierten Alt auf sich hat, ist dem Verfasser dieser Zeilen nicht bekannt.<\/p>\n<figure id=\"attachment_1023\" aria-describedby=\"caption-attachment-1023\" style=\"width: 243px\" class=\"wp-caption alignright\"><a href=\"http:\/\/www.cronopio.de\/instrumentenausstellung\/instrumentenfamilien\/rohrblattinstrumente\/schalmei-und-pommer\/basspommer-2\/\"><img loading=\"lazy\" decoding=\"async\" class=\"wp-image-1023 size-medium\" src=\"http:\/\/www.cronopio.de\/instrumentenausstellung\/wp-content\/uploads\/sites\/2\/2016\/06\/basspommer-1-243x300.jpg\" alt=\"Musikerin mit Basspommer, Tobias Stummer, 2. H\u00e4lfte 15. Jahrhundert.\" width=\"243\" height=\"300\" srcset=\"http:\/\/www.cronopio.de\/instrumentenausstellung\/wp-content\/uploads\/sites\/2\/2016\/06\/basspommer-1-243x300.jpg 243w, http:\/\/www.cronopio.de\/instrumentenausstellung\/wp-content\/uploads\/sites\/2\/2016\/06\/basspommer-1.jpg 557w\" sizes=\"auto, (max-width: 243px) 100vw, 243px\" \/><\/a><figcaption id=\"caption-attachment-1023\" class=\"wp-caption-text\">Musikerin mit Basspommer, Tobias Stummer,<br \/> 2. H\u00e4lfte 15. Jahrhundert.<\/figcaption><\/figure>\n<p>Die Pommernfamilie in der beschriebenen Gr\u00f6\u00dfe hatte keinen langen Bestand. Der Bass- und Gro\u00dfbasspommer (f\u00fcr letzteren gibt Praetorius eine L\u00e4nge von \u201e10 Schuch 1 Zol\u201c an, was grob umgerechnet zwischen 2,50 m und 3 m liegt) waren schwer zu transportieren, unbequem zu spielen und wurden von Bass- und Kontrabassdulzianen problemlos ersetzt, die bauartbedingt entscheidend handlicher waren und deren Klang zudem gemeinhin als angenehmer empfunden wurde.<\/p>\n<p>Die Schalmei nahm den Part des Diskantinstruments der Pommernfamilie ein; allerdings entstanden in der Sp\u00e4trenaissance auch Diskantpommern mit einer Klappe f\u00fcr den unteren kleinen Finger. Aus dem Diskantpommer wurde im 17. Jahrhundert die <strong>Oboe<\/strong> entwickelt \u2013 ihr Name begegnet uns bereits in Praetorius&#8216; Beschreibung des Pommers: \u201edie Frantzosen nennen es Houtbois, die Engell\u00e4nder Hoboyen\u201c.<\/p>\n<p>&nbsp;<\/p>\n<p>&nbsp;<\/p>\n<div id='gallery-1' class='gallery galleryid-273 gallery-columns-4 gallery-size-medium'><figure class='gallery-item'>\n\t\t\t<div class='gallery-icon portrait'>\n\t\t\t\t<a href='http:\/\/www.cronopio.de\/instrumentenausstellung\/instrumentenfamilien\/rohrblattinstrumente\/schalmei-und-pommer\/160926-1715_img-e_5373_2\/'><img loading=\"lazy\" decoding=\"async\" width=\"255\" height=\"300\" src=\"http:\/\/www.cronopio.de\/instrumentenausstellung\/wp-content\/uploads\/sites\/2\/2016\/06\/160926-1715_img-e_5373_2-255x300.jpg\" class=\"attachment-medium size-medium\" alt=\"\" aria-describedby=\"gallery-1-1914\" srcset=\"http:\/\/www.cronopio.de\/instrumentenausstellung\/wp-content\/uploads\/sites\/2\/2016\/06\/160926-1715_img-e_5373_2-255x300.jpg 255w, http:\/\/www.cronopio.de\/instrumentenausstellung\/wp-content\/uploads\/sites\/2\/2016\/06\/160926-1715_img-e_5373_2-170x200.jpg 170w, http:\/\/www.cronopio.de\/instrumentenausstellung\/wp-content\/uploads\/sites\/2\/2016\/06\/160926-1715_img-e_5373_2.jpg 287w\" sizes=\"auto, (max-width: 255px) 100vw, 255px\" \/><\/a>\n\t\t\t<\/div>\n\t\t\t\t<figcaption class='wp-caption-text gallery-caption' id='gallery-1-1914'>\n\t\t\t\tEngel mit Schalmei, Vecchietta (?), um 1450, Dom von Siena \n\t\t\t\t<\/figcaption><\/figure><figure class='gallery-item'>\n\t\t\t<div class='gallery-icon portrait'>\n\t\t\t\t<a href='http:\/\/www.cronopio.de\/instrumentenausstellung\/instrumentenfamilien\/rohrblattinstrumente\/schalmei-und-pommer\/e11046-jpg-3\/'><img loading=\"lazy\" decoding=\"async\" width=\"150\" height=\"300\" src=\"http:\/\/www.cronopio.de\/instrumentenausstellung\/wp-content\/uploads\/sites\/2\/2016\/06\/Mary-Queen-of-Heaven-150x300.jpg\" class=\"attachment-medium size-medium\" alt=\"\" aria-describedby=\"gallery-1-1919\" srcset=\"http:\/\/www.cronopio.de\/instrumentenausstellung\/wp-content\/uploads\/sites\/2\/2016\/06\/Mary-Queen-of-Heaven-150x300.jpg 150w, http:\/\/www.cronopio.de\/instrumentenausstellung\/wp-content\/uploads\/sites\/2\/2016\/06\/Mary-Queen-of-Heaven-100x200.jpg 100w, http:\/\/www.cronopio.de\/instrumentenausstellung\/wp-content\/uploads\/sites\/2\/2016\/06\/Mary-Queen-of-Heaven.jpg 396w\" sizes=\"auto, (max-width: 150px) 100vw, 150px\" \/><\/a>\n\t\t\t<\/div>\n\t\t\t\t<figcaption class='wp-caption-text gallery-caption' id='gallery-1-1919'>\n\t\t\t\tEngel mit Altpommer, Master of the Saint Lucy Legend, Mary, Queen of Heaven (Ausschnitt), c. 1485\/1500 \n\t\t\t\t<\/figcaption><\/figure><figure class='gallery-item'>\n\t\t\t<div class='gallery-icon portrait'>\n\t\t\t\t<a href='http:\/\/www.cronopio.de\/instrumentenausstellung\/instrumentenfamilien\/rohrblattinstrumente\/schalmei-und-pommer\/mary-queen-of-heaven2\/'><img loading=\"lazy\" decoding=\"async\" width=\"200\" height=\"300\" src=\"http:\/\/www.cronopio.de\/instrumentenausstellung\/wp-content\/uploads\/sites\/2\/2016\/06\/Mary-Queen-of-Heaven2-200x300.jpg\" class=\"attachment-medium size-medium\" alt=\"\" aria-describedby=\"gallery-1-1920\" srcset=\"http:\/\/www.cronopio.de\/instrumentenausstellung\/wp-content\/uploads\/sites\/2\/2016\/06\/Mary-Queen-of-Heaven2-200x300.jpg 200w, http:\/\/www.cronopio.de\/instrumentenausstellung\/wp-content\/uploads\/sites\/2\/2016\/06\/Mary-Queen-of-Heaven2-133x200.jpg 133w, http:\/\/www.cronopio.de\/instrumentenausstellung\/wp-content\/uploads\/sites\/2\/2016\/06\/Mary-Queen-of-Heaven2.jpg 395w\" sizes=\"auto, (max-width: 200px) 100vw, 200px\" \/><\/a>\n\t\t\t<\/div>\n\t\t\t\t<figcaption class='wp-caption-text gallery-caption' id='gallery-1-1920'>\n\t\t\t\tEngel mit Schalmei, Master of the Saint Lucy Legend, Mary, Queen of Heaven (Ausschnitt), c. 1485\/1500 \n\t\t\t\t<\/figcaption><\/figure><figure class='gallery-item'>\n\t\t\t<div class='gallery-icon portrait'>\n\t\t\t\t<a href='http:\/\/www.cronopio.de\/instrumentenausstellung\/instrumentenfamilien\/floeteninstrumente\/bernardo_strozzi_pifferaio\/'><img loading=\"lazy\" decoding=\"async\" width=\"250\" height=\"300\" src=\"http:\/\/www.cronopio.de\/instrumentenausstellung\/wp-content\/uploads\/sites\/2\/2016\/06\/Bernardo_strozzi_pifferaio-250x300.jpg\" class=\"attachment-medium size-medium\" alt=\"\" aria-describedby=\"gallery-1-664\" srcset=\"http:\/\/www.cronopio.de\/instrumentenausstellung\/wp-content\/uploads\/sites\/2\/2016\/06\/Bernardo_strozzi_pifferaio-250x300.jpg 250w, http:\/\/www.cronopio.de\/instrumentenausstellung\/wp-content\/uploads\/sites\/2\/2016\/06\/Bernardo_strozzi_pifferaio-768x921.jpg 768w, http:\/\/www.cronopio.de\/instrumentenausstellung\/wp-content\/uploads\/sites\/2\/2016\/06\/Bernardo_strozzi_pifferaio-854x1024.jpg 854w, http:\/\/www.cronopio.de\/instrumentenausstellung\/wp-content\/uploads\/sites\/2\/2016\/06\/Bernardo_strozzi_pifferaio.jpg 1086w\" sizes=\"auto, (max-width: 250px) 100vw, 250px\" \/><\/a>\n\t\t\t<\/div>\n\t\t\t\t<figcaption class='wp-caption-text gallery-caption' id='gallery-1-664'>\n\t\t\t\tPifferaio, Bernardo Strozzi, 1624\/25.\n\t\t\t\t<\/figcaption><\/figure>\n\t\t<\/div>\n\n<table style=\"border-color: white; width: 100%;\">\n<colgroup>\n<col width=\"33%\" \/>\n<col width=\"33%\" \/>\n<col width=\"33%\" \/> <\/colgroup>\n<tbody>\n<tr>\n<td style=\"text-align: left;\"><\/td>\n<td style=\"text-align: center;\">^<br \/>\n<a href=\"http:\/\/www.cronopio.de\/instrumentenausstellung\/rohrblattinstrumente\/\">Rohrblattinstrumente<\/a><\/td>\n<td style=\"text-align: right;\">&gt;<br \/>\n<a href=\"http:\/\/www.cronopio.de\/instrumentenausstellung\/instrumentenfamilien\/rohrblattinstrumente\/bassanello\/\">Bassanello<\/a><\/td>\n<\/tr>\n<\/tbody>\n<\/table>\n","protected":false},"excerpt":{"rendered":"<p>Die Schalmei ist \u2013 wie der aus ihr hervorgegangene Pommer \u2013 ein Doppelrohrblattinstrument mit einfacher, konischer Bohrung, die i.A. in einem gro\u00dfen Schalltrichter ausl\u00e4uft. Sie hat 6 oder 7 Griffl\u00f6cher auf der Vorderseite und kann ein Daumenloch haben. Der Ton ist angenehm, aber laut und gelegentlich scharf. (Glauben Sie nicht &hellip;<\/p>\n","protected":false},"author":1,"featured_media":0,"parent":105,"menu_order":1,"comment_status":"closed","ping_status":"closed","template":"","meta":{"_crdt_document":"","_themeisle_gutenberg_block_has_review":false,"h5ap_radio_sources":[],"footnotes":""},"class_list":["post-273","page","type-page","status-publish","hentry"],"_links":{"self":[{"href":"http:\/\/www.cronopio.de\/instrumentenausstellung\/wp-json\/wp\/v2\/pages\/273","targetHints":{"allow":["GET"]}}],"collection":[{"href":"http:\/\/www.cronopio.de\/instrumentenausstellung\/wp-json\/wp\/v2\/pages"}],"about":[{"href":"http:\/\/www.cronopio.de\/instrumentenausstellung\/wp-json\/wp\/v2\/types\/page"}],"author":[{"embeddable":true,"href":"http:\/\/www.cronopio.de\/instrumentenausstellung\/wp-json\/wp\/v2\/users\/1"}],"replies":[{"embeddable":true,"href":"http:\/\/www.cronopio.de\/instrumentenausstellung\/wp-json\/wp\/v2\/comments?post=273"}],"version-history":[{"count":16,"href":"http:\/\/www.cronopio.de\/instrumentenausstellung\/wp-json\/wp\/v2\/pages\/273\/revisions"}],"predecessor-version":[{"id":1922,"href":"http:\/\/www.cronopio.de\/instrumentenausstellung\/wp-json\/wp\/v2\/pages\/273\/revisions\/1922"}],"up":[{"embeddable":true,"href":"http:\/\/www.cronopio.de\/instrumentenausstellung\/wp-json\/wp\/v2\/pages\/105"}],"wp:attachment":[{"href":"http:\/\/www.cronopio.de\/instrumentenausstellung\/wp-json\/wp\/v2\/media?parent=273"}],"curies":[{"name":"wp","href":"https:\/\/api.w.org\/{rel}","templated":true}]}}