{"id":240,"date":"2016-06-30T23:57:31","date_gmt":"2016-06-30T21:57:31","guid":{"rendered":"http:\/\/www.cronopio.de\/instrumentenausstellung\/?page_id=240"},"modified":"2018-08-15T23:22:35","modified_gmt":"2018-08-15T21:22:35","slug":"traversfloete-querfloete","status":"publish","type":"page","link":"http:\/\/www.cronopio.de\/instrumentenausstellung\/instrumentenfamilien\/floeteninstrumente\/traversfloete-querfloete\/","title":{"rendered":"Traversfl\u00f6ten (Querfl\u00f6ten)"},"content":{"rendered":"<!--[if lt IE 9]><script>document.createElement('audio');<\/script><![endif]-->\n\t<div class=\"wp-playlist wp-audio-playlist wp-playlist-light\">\n\t\t\t<div class=\"wp-playlist-current-item\"><\/div>\n\t\t<audio controls=\"controls\" preload=\"none\" width=\"1475\"\n\t\t\t><\/audio>\n\t<div class=\"wp-playlist-next\"><\/div>\n\t<div class=\"wp-playlist-prev\"><\/div>\n\t<noscript>\n\t<ol>\n\t\t<li><a href='http:\/\/www.cronopio.de\/instrumentenausstellung\/wp-content\/uploads\/sites\/2\/2016\/07\/traverso.mp3'>Traversfl\u00f6te: Loibere risen<\/a><\/li>\t<\/ol>\n\t<\/noscript>\n\t<script type=\"application\/json\" class=\"wp-playlist-script\">{\"type\":\"audio\",\"tracklist\":false,\"tracknumbers\":true,\"images\":false,\"artists\":false,\"tracks\":[{\"src\":\"http:\\\/\\\/www.cronopio.de\\\/instrumentenausstellung\\\/wp-content\\\/uploads\\\/sites\\\/2\\\/2016\\\/07\\\/traverso.mp3\",\"type\":\"audio\\\/mpeg\",\"title\":\"Traversfl\\u00f6te: Loibere risen\",\"caption\":\"Traversfl\\u00f6te: Loibere risen\",\"description\":\"\",\"meta\":{\"artist\":\"Medelike Consort\",\"album\":\"Wizlav von R\\u00fcgen (um 1300)\",\"length_formatted\":\"1:18\"},\"image\":{\"src\":\"http:\\\/\\\/www.cronopio.de\\\/instrumentenausstellung\\\/wp-includes\\\/images\\\/media\\\/audio.svg\",\"width\":48,\"height\":64},\"thumb\":{\"src\":\"http:\\\/\\\/www.cronopio.de\\\/instrumentenausstellung\\\/wp-includes\\\/images\\\/media\\\/audio.svg\",\"width\":48,\"height\":64}}]}<\/script>\n<\/div>\n\t\n<h3>Querfl\u00f6te \u2013 ist die nicht normalerweise aus Metall?<\/h3>\n<figure id=\"attachment_960\" aria-describedby=\"caption-attachment-960\" style=\"width: 260px\" class=\"wp-caption alignleft\"><a href=\"http:\/\/www.cronopio.de\/instrumentenausstellung\/instrumentenfamilien\/floeteninstrumente\/traversfloete-querfloete\/traverso_sm\/\"><img loading=\"lazy\" decoding=\"async\" class=\"wp-image-960 size-medium\" src=\"http:\/\/www.cronopio.de\/instrumentenausstellung\/wp-content\/uploads\/sites\/2\/2016\/06\/traverso_SM-260x300.jpg\" alt=\"Musiker mit Traversfl\u00f6ten, Miniatur aus den Cantigas de Santa Maria, 13. Jahrhundert.\" width=\"260\" height=\"300\" srcset=\"http:\/\/www.cronopio.de\/instrumentenausstellung\/wp-content\/uploads\/sites\/2\/2016\/06\/traverso_SM-260x300.jpg 260w, http:\/\/www.cronopio.de\/instrumentenausstellung\/wp-content\/uploads\/sites\/2\/2016\/06\/traverso_SM.jpg 500w\" sizes=\"auto, (max-width: 260px) 100vw, 260px\" \/><\/a><figcaption id=\"caption-attachment-960\" class=\"wp-caption-text\">Musiker mit Traversfl\u00f6ten, Miniatur aus den Cantigas de<br \/> Santa Maria, 13. Jahrhundert.<\/figcaption><\/figure>\n<p>Die heutige Querfl\u00f6te wurde 1832 von Theobald B\u00f6hm konstruiert (\u201eB\u00f6hm-Fl\u00f6te\u201c). Bis dahin bestanden Querfl\u00f6ten aus <strong>Holz<\/strong> (oder in anderen Kulturkreisen aus Bambus, Schilfrohr o.\u00e4.). Weil die Neukonstruktion aber am \u201eFunktionsprinzip\u201c des Instruments nichts ge\u00e4ndert hat, wurde die Einordnung bei den Holzblasinstrumenten beibehalten, auch wenn sich kein Sp\u00e4nlein Holz daran findet.<\/p>\n<p>Die Querfl\u00f6te (oder Traversfl\u00f6te, wie das h\u00f6lzerne Instrument oft in Abgrenzung zur B\u00f6hm-Fl\u00f6te genannt wird), geh\u00f6rt zu den <strong>Blaslochfl\u00f6ten<\/strong>: Meist nahe an einem Ende des Instruments befindet sich das Mundloch, dessen (vom Spieler aus) hintere Kante als scharfe Anblaskante ausgef\u00fchrt ist. Der Spieler formt und lenkt (ohne Hilfe eines Kernspalts) den Luftstrom so, dass dieser die Anblaskante optimal trifft und den Ton erzeugt. Das macht das Spielen schwieriger, erlaubt aber etwa gegen\u00fcber der Blockfl\u00f6te eine gr\u00f6\u00dfere Flexibilit\u00e4t bei Tongestaltung und Dynamik.<\/p>\n<figure id=\"attachment_617\" aria-describedby=\"caption-attachment-617\" style=\"width: 300px\" class=\"wp-caption alignright\"><a href=\"http:\/\/www.cronopio.de\/instrumentenausstellung\/instrumentenfamilien\/floeteninstrumente\/traversfloete-querfloete\/herrad\/\"><img loading=\"lazy\" decoding=\"async\" class=\"wp-image-617 size-medium\" src=\"http:\/\/www.cronopio.de\/instrumentenausstellung\/wp-content\/uploads\/sites\/2\/2016\/07\/herrad-300x261.jpg\" alt=\"Traversfl\u00f6te bei Herrad von Landsberg\" width=\"300\" height=\"261\" srcset=\"http:\/\/www.cronopio.de\/instrumentenausstellung\/wp-content\/uploads\/sites\/2\/2016\/07\/herrad-300x261.jpg 300w, http:\/\/www.cronopio.de\/instrumentenausstellung\/wp-content\/uploads\/sites\/2\/2016\/07\/herrad.jpg 517w\" sizes=\"auto, (max-width: 300px) 100vw, 300px\" \/><\/a><figcaption id=\"caption-attachment-617\" class=\"wp-caption-text\">Darstellung einer Traversfl\u00f6te in \u201eHortus deliciarium\u201c, Herrad von Landsberg, vor 1195.<\/figcaption><\/figure>\n<p>Die <strong>\u00e4ltesten Belege der Verwendung<\/strong> von Querfl\u00f6ten stammen aus dem 9. Jahrhundert v.Chr. aus China. Die \u00e4lteste bekannte Darstellung in Mitteleuropa stammt aus der Enzyklop\u00e4die \u201eHortus deliciarum\u201c der Herrad von Landsberg (gest. 1195). In der Renaissance entstand, wie bei vielen anderen Instrumenten, eine \u201eFamilie\u201c aus <strong>verschiedenen Stimmlagen<\/strong>, auch wenn diese sich auch aus technischen Gr\u00fcnden auf (im Vergleich zu den Blockfl\u00f6ten) weniger und kleinere Mitglieder beschr\u00e4nkte \u2013 eine Querfl\u00f6te in Basslage verlangt dem Spieler sehr kr\u00e4ftige Armmuskulatur ab, noch gr\u00f6\u00dfere Instrumente waren kaum handhabbar. Praetorius beschreibt in seiner <i>Organographia<\/i> (1619) ein \u201egantz Stimmwerck\u201c aus 3 Querfl\u00f6ten in Diskant-, Alt- und Tenorlage. Daraus, dass die Querfl\u00f6te in der Renaissance im Franz\u00f6sischen \u201efl\u00fbte allemande\u201c genannt wurde, im Englischen \u201egerman flute\u201c, im Italienischen \u201eflauto d&#8217;Alamagna\u201c, l\u00e4sst sich vermutlich schlie\u00dfen, dass dieses Instrument in Deutschland recht beliebt gewesen sein muss.<\/p>\n<figure id=\"attachment_963\" aria-describedby=\"caption-attachment-963\" style=\"width: 132px\" class=\"wp-caption alignleft\"><a href=\"http:\/\/www.cronopio.de\/instrumentenausstellung\/instrumentenfamilien\/floeteninstrumente\/traversfloete-querfloete\/traverso_praetorius\/\"><img loading=\"lazy\" decoding=\"async\" class=\"wp-image-963 size-medium\" src=\"http:\/\/www.cronopio.de\/instrumentenausstellung\/wp-content\/uploads\/sites\/2\/2016\/06\/Traverso_Praetorius-132x300.jpg\" alt=\"Traversfl\u00f6ten im Syntagma musicum (M. Praetorius, 1619).\" width=\"132\" height=\"300\" srcset=\"http:\/\/www.cronopio.de\/instrumentenausstellung\/wp-content\/uploads\/sites\/2\/2016\/06\/Traverso_Praetorius-132x300.jpg 132w, http:\/\/www.cronopio.de\/instrumentenausstellung\/wp-content\/uploads\/sites\/2\/2016\/06\/Traverso_Praetorius.jpg 312w\" sizes=\"auto, (max-width: 132px) 100vw, 132px\" \/><\/a><figcaption id=\"caption-attachment-963\" class=\"wp-caption-text\">Traversfl\u00f6ten im Syntagma musicum (M. Praetorius, 1619).<\/figcaption><\/figure>\n<p>Die <strong>Bohrung<\/strong> war urspr\u00fcnglich <strong>zylindrisch<\/strong> oder leicht umgekehrt konisch (d.h. der Durchmesser nahm zum Ende hin leicht ab). Die Weiterentwicklung im 17. Jahrhundert brachte neben einer st\u00e4rker konischen Bohrung zun\u00e4chst die Verwendung einer Klappe am untersten Griffloch. Zu Beginn des 19. Jahrhunderts gab es mehrere unterschiedliche Klappensysteme, aber noch immer bestand das Instrument aus Holz und war umgekehrt konisch gebohrt.<\/p>\n<p>Da sich Schwierigkeiten mit der Intonation, der Ansprache und der Kompliziertheit mancher Griffe trotz all dieser Verfeinerungen nicht l\u00f6sen lie\u00dfen, konstruierte <strong>Theobald B\u00f6hm<\/strong> das Instrument von Grund auf neu: Er baute es aus Silber, die \u201eBohrung\u201c war zylindrisch, und es gab keine Griffl\u00f6cher mehr, sondern nur noch Klappen; so brauchte man bei der Positionierung und Gr\u00f6\u00dfe der L\u00f6cher keine R\u00fccksicht auf die Gr\u00f6\u00dfe und L\u00e4nge der Finger des Spielers zu nehmen.<\/p>\n<table style=\"border: 0; width: 100%;\">\n<colgroup>\n<col width=\"33%\" \/>\n<col width=\"33%\" \/>\n<col width=\"33%\" \/> <\/colgroup>\n<tbody>\n<tr>\n<td style=\"text-align: left;\">&lt;<br \/>\n<a href=\"http:\/\/www.cronopio.de\/instrumentenausstellung\/floeteninstrumente\/gemshoerner\/\">Gemsh\u00f6rner<\/a><\/td>\n<td style=\"text-align: center;\">^<br \/>\n<a href=\"http:\/\/www.cronopio.de\/instrumentenausstellung\/floeteninstrumente\/\">Fl\u00f6teninstrumente<\/a><\/td>\n<td style=\"text-align: right;\">&gt;<br \/>\n<a href=\"http:\/\/www.cronopio.de\/instrumentenausstellung\/instrumentenfamilien\/floeteninstrumente\/schwegel-einhandfloete\/\">Schwegel<\/a><\/td>\n<\/tr>\n<\/tbody>\n<\/table>\n","protected":false},"excerpt":{"rendered":"<p>Querfl\u00f6te \u2013 ist die nicht normalerweise aus Metall? Die heutige Querfl\u00f6te wurde 1832 von Theobald B\u00f6hm konstruiert (\u201eB\u00f6hm-Fl\u00f6te\u201c). Bis dahin bestanden Querfl\u00f6ten aus Holz (oder in anderen Kulturkreisen aus Bambus, Schilfrohr o.\u00e4.). Weil die Neukonstruktion aber am \u201eFunktionsprinzip\u201c des Instruments nichts ge\u00e4ndert hat, wurde die Einordnung bei den Holzblasinstrumenten beibehalten, &hellip;<\/p>\n","protected":false},"author":1,"featured_media":0,"parent":250,"menu_order":3,"comment_status":"closed","ping_status":"closed","template":"","meta":{"_crdt_document":"","_themeisle_gutenberg_block_has_review":false,"h5ap_radio_sources":[],"footnotes":""},"class_list":["post-240","page","type-page","status-publish","hentry"],"_links":{"self":[{"href":"http:\/\/www.cronopio.de\/instrumentenausstellung\/wp-json\/wp\/v2\/pages\/240","targetHints":{"allow":["GET"]}}],"collection":[{"href":"http:\/\/www.cronopio.de\/instrumentenausstellung\/wp-json\/wp\/v2\/pages"}],"about":[{"href":"http:\/\/www.cronopio.de\/instrumentenausstellung\/wp-json\/wp\/v2\/types\/page"}],"author":[{"embeddable":true,"href":"http:\/\/www.cronopio.de\/instrumentenausstellung\/wp-json\/wp\/v2\/users\/1"}],"replies":[{"embeddable":true,"href":"http:\/\/www.cronopio.de\/instrumentenausstellung\/wp-json\/wp\/v2\/comments?post=240"}],"version-history":[{"count":22,"href":"http:\/\/www.cronopio.de\/instrumentenausstellung\/wp-json\/wp\/v2\/pages\/240\/revisions"}],"predecessor-version":[{"id":1883,"href":"http:\/\/www.cronopio.de\/instrumentenausstellung\/wp-json\/wp\/v2\/pages\/240\/revisions\/1883"}],"up":[{"embeddable":true,"href":"http:\/\/www.cronopio.de\/instrumentenausstellung\/wp-json\/wp\/v2\/pages\/250"}],"wp:attachment":[{"href":"http:\/\/www.cronopio.de\/instrumentenausstellung\/wp-json\/wp\/v2\/media?parent=240"}],"curies":[{"name":"wp","href":"https:\/\/api.w.org\/{rel}","templated":true}]}}