{"id":24,"date":"2016-07-01T18:28:10","date_gmt":"2016-07-01T16:28:10","guid":{"rendered":"http:\/\/www.cronopio.de\/instrumentenausstellung\/?page_id=24"},"modified":"2018-08-15T23:22:35","modified_gmt":"2018-08-15T21:22:35","slug":"gemshoerner","status":"publish","type":"page","link":"http:\/\/www.cronopio.de\/instrumentenausstellung\/instrumentenfamilien\/floeteninstrumente\/gemshoerner\/","title":{"rendered":"Gemsh\u00f6rner"},"content":{"rendered":"<!--[if lt IE 9]><script>document.createElement('audio');<\/script><![endif]-->\n\t<div class=\"wp-playlist wp-audio-playlist wp-playlist-light\">\n\t\t\t<div class=\"wp-playlist-current-item\"><\/div>\n\t\t<audio controls=\"controls\" preload=\"none\" width=\"1475\"\n\t\t\t><\/audio>\n\t<div class=\"wp-playlist-next\"><\/div>\n\t<div class=\"wp-playlist-prev\"><\/div>\n\t<noscript>\n\t<ol>\n\t\t<li><a href='http:\/\/www.cronopio.de\/instrumentenausstellung\/wp-content\/uploads\/sites\/2\/2016\/07\/Gemshorn.mp3'>Gemshorn-Quartett: Psallite unigenito Christo<\/a><\/li>\t<\/ol>\n\t<\/noscript>\n\t<script type=\"application\/json\" class=\"wp-playlist-script\">{\"type\":\"audio\",\"tracklist\":false,\"tracknumbers\":true,\"images\":false,\"artists\":false,\"tracks\":[{\"src\":\"http:\\\/\\\/www.cronopio.de\\\/instrumentenausstellung\\\/wp-content\\\/uploads\\\/sites\\\/2\\\/2016\\\/07\\\/Gemshorn.mp3\",\"type\":\"audio\\\/mpeg\",\"title\":\"Gemshorn-Quartett: Psallite unigenito Christo\",\"caption\":\"Gemshorn-Quartett: Michael Praetorius, Psallite unigenito Christo\",\"description\":\"\",\"meta\":{\"artist\":\"Veronika Schiemer, Ulrich Alpers, Hartwig Alpers, Eva Stangler-Alpers\",\"album\":\"Michael Praetorius\",\"year\":\"2013\",\"length_formatted\":\"1:53\"},\"image\":{\"src\":\"http:\\\/\\\/www.cronopio.de\\\/instrumentenausstellung\\\/wp-includes\\\/images\\\/media\\\/audio.svg\",\"width\":48,\"height\":64},\"thumb\":{\"src\":\"http:\\\/\\\/www.cronopio.de\\\/instrumentenausstellung\\\/wp-includes\\\/images\\\/media\\\/audio.svg\",\"width\":48,\"height\":64}}]}<\/script>\n<\/div>\n\t\n<figure id=\"attachment_815\" aria-describedby=\"caption-attachment-815\" style=\"width: 300px\" class=\"wp-caption alignleft\"><a href=\"http:\/\/www.cronopio.de\/instrumentenausstellung\/instrumentenfamilien\/floeteninstrumente\/gemshoerner\/tb_heidelberger_totentanz1488_0020_gemshorn\/\" target=\"_blank\" rel=\"noopener\"><img loading=\"lazy\" decoding=\"async\" class=\"wp-image-815 size-medium\" src=\"http:\/\/www.cronopio.de\/instrumentenausstellung\/wp-content\/uploads\/sites\/2\/2016\/07\/tb_heidelberger_totentanz1488_0020_gemshorn-300x262.jpg\" alt=\"Heidelberger Totentanz, Tod mit Gemshorn\" width=\"300\" height=\"262\" srcset=\"http:\/\/www.cronopio.de\/instrumentenausstellung\/wp-content\/uploads\/sites\/2\/2016\/07\/tb_heidelberger_totentanz1488_0020_gemshorn-300x262.jpg 300w, http:\/\/www.cronopio.de\/instrumentenausstellung\/wp-content\/uploads\/sites\/2\/2016\/07\/tb_heidelberger_totentanz1488_0020_gemshorn.jpg 573w\" sizes=\"auto, (max-width: 300px) 100vw, 300px\" \/><\/a><figcaption id=\"caption-attachment-815\" class=\"wp-caption-text\">Heidelberger Totentanz (1488), Tod mit Gemshorn<\/figcaption><\/figure>\n<p>\u00dcber das Gemshorn wissen wir nicht viel. Es ist davon auszugehen, dass schon in pr\u00e4historischer Zeit versucht wurde, <strong>hohle Tierh\u00f6rner<\/strong> zum Klingen zu bringen. Und vermutlich kam dabei gelegentlich etwas heraus wie unsere Gemsh\u00f6rner. \u00dcberliefert ist leider keiner dieser vorgeschichtlichen Versuche. Auch aus dem Mittelalter ist nichts bekannt. Das fr\u00fcheste Zeugnis ist ein Holzschnitt im \u201e<strong>Heidelberger Totentanz<\/strong>\u201c (um 1488), auf der der Tod mit Gemshorn dargestellt ist.<\/p>\n<p>Sebastian Virdung bildet in seinem Werk \u201e<strong>Musica getutscht<\/strong>\u201c (1511) ein \u201eGemsenhorn\u201c ab, Martin Agricola \u00fcbernimmt die Abbildung in seiner \u201e<strong>Musica instrumentalis<\/strong>\u201c (1529).<\/p>\n<figure id=\"attachment_701\" aria-describedby=\"caption-attachment-701\" style=\"width: 150px\" class=\"wp-caption alignright\"><a href=\"http:\/\/www.cronopio.de\/instrumentenausstellung\/instrumentenfamilien\/floeteninstrumente\/gemshorn_virdung-2\/\" target=\"_blank\" rel=\"noopener\"><img loading=\"lazy\" decoding=\"async\" class=\"wp-image-701 size-thumbnail\" src=\"http:\/\/www.cronopio.de\/instrumentenausstellung\/wp-content\/uploads\/sites\/2\/2016\/06\/gemshorn_virdung-150x150.jpg\" alt=\"&quot;Gemsenhorn&quot; aus Virdung, Musica getutscht\" width=\"150\" height=\"150\" \/><\/a><figcaption id=\"caption-attachment-701\" class=\"wp-caption-text\">&#8222;Gemsenhorn&#8220; aus Sebastian Virdung, Musica getutscht,<br \/> Basel 1511.<\/figcaption><\/figure>\n<p>Daneben gibt es vereinzelte Darstellungen aus der 1. H\u00e4lfte des 16. Jahrhunderts. In der letzten Auflage von Agricolas \u201eMusica instrumentalis\u201c von 1545 fehlt das Instrument; vermutlich war es zu dieser Zeit bereits v\u00f6llig aus der Mode gekommen. Praetorius beschreibt unter dem Namen nur noch ein Orgelregister, und als ein solches hat der Name \u201eGemshorn\u201c die Jahrhunderte \u00fcberdauert.<\/p>\n<p>Das Gemshorn geh\u00f6rt zu den Fl\u00f6teninstrumenten und in dieser Familie zu den <strong>Gef\u00e4\u00dffl\u00f6ten<\/strong>, wie z.B. auch die Okarina. Kennzeichen dieses Instrumententyps ist, dass diese Instrumente nicht aus einer R\u00f6hre bestehen, sondern aus einem geschlossenen Gef\u00e4\u00df. Das Volumen dieses Gef\u00e4\u00dfes bestimmt den Grundton (gro\u00dfes Gef\u00e4\u00df: tief; kleines Gef\u00e4\u00df: hoch).<\/p>\n<p>Ob die Gemsh\u00f6rner in der Renaissance so ausgesehen haben wie unsere, ist unsicher. W\u00e4hrend die ausgestellten Instrumente \u2013 wie Blockfl\u00f6ten \u2013 <strong>8 Griffl\u00f6cher<\/strong> haben (7 vorn, 1 hinten), weisen s\u00e4mtliche uns bekannten abgebildeten und auch die wenigen (in unspielbarem Zustand) erhaltenen Instrumente weniger L\u00f6cher auf: dem Instrument beim \u201eHeidelberger Totentanz\u201c fehlen die L\u00f6cher g\u00e4nzlich (nun gut, dem K\u00fcnstler kam es augenscheinlich nicht so sehr auf instrumentenkundliche Originaltreue seiner Abbildungen an), das bei Virdung &#8211; und identisch bei Agricola &#8211; hat 4, davon ist eines so randst\u00e4ndig dargestellt, dass m\u00f6glicherweise das Daumenloch damit gemeint ist; es gibt zwei kleine Darstellungen bei D\u00fcrer, in beiden F\u00e4llen sind 3 L\u00f6cher zu sehen, was zuz\u00fcglich des Daumenlochs auf der R\u00fcckseite 4 L\u00f6cher erg\u00e4be. Dem Musikwissenschaftler <em>Andrew Parkinson<\/em> ist es 1981 gelungen, ein Gemshorn zu bauen, auf dem sich auf 4 L\u00f6chern eine Tonleiter von 1 Oktave Umfang spielen lie\u00df, insofern sind die Darstellungen nicht unplausibel. Dass daraus zwingend der Schluss zu ziehen ist, dass es keine Gemsh\u00f6rner mit mehr L\u00f6chern und z.B. Blockfl\u00f6ten-\u00e4hnlicher Griffweise gegeben hat, darf bezweifelt werden; eine solche Ausf\u00fchrung w\u00e4re einfach zu naheliegend, um nicht irgendwann irgendeinem Instrumentenbauer eingefallen zu sein.<\/p>\n<figure id=\"attachment_1678\" aria-describedby=\"caption-attachment-1678\" style=\"width: 300px\" class=\"wp-caption alignleft\"><a href=\"http:\/\/www.cronopio.de\/instrumentenausstellung\/instrumentenfamilien\/floeteninstrumente\/gemshoerner\/imgp2954\/\"><img loading=\"lazy\" decoding=\"async\" class=\"wp-image-1678 size-medium\" src=\"http:\/\/www.cronopio.de\/instrumentenausstellung\/wp-content\/uploads\/sites\/2\/2016\/07\/imgp2954-300x191.jpg\" alt=\"Sopran-Gemshorn.\" width=\"300\" height=\"191\" srcset=\"http:\/\/www.cronopio.de\/instrumentenausstellung\/wp-content\/uploads\/sites\/2\/2016\/07\/imgp2954-300x191.jpg 300w, http:\/\/www.cronopio.de\/instrumentenausstellung\/wp-content\/uploads\/sites\/2\/2016\/07\/imgp2954-768x488.jpg 768w, http:\/\/www.cronopio.de\/instrumentenausstellung\/wp-content\/uploads\/sites\/2\/2016\/07\/imgp2954-1024x650.jpg 1024w, http:\/\/www.cronopio.de\/instrumentenausstellung\/wp-content\/uploads\/sites\/2\/2016\/07\/imgp2954-1440x915.jpg 1440w\" sizes=\"auto, (max-width: 300px) 100vw, 300px\" \/><\/a><figcaption id=\"caption-attachment-1678\" class=\"wp-caption-text\">Sopran-Gemshorn.<\/figcaption><\/figure>\n<p>Angesichts der sehr kargen \u00dcberlieferung, insbesondere des Verschwindens bei Agricola und des Fehlens bei Praetorius, ist zu vermuten, dass das Gemshorn in der Renaissance <strong>eher eine Kuriosit\u00e4t <\/strong>als ein \u201enormales\u201c Instrument war und im Vergleich mit anderen Instrumenten keine allzu gro\u00dfe Rolle gespielt hat. Dessenungeachtet ist es mit seinem sanften, sch\u00f6nen Klang eine Bereicherung des Instrumentariums jener Zeit.<\/p>\n<table style=\"border-color: white; width: 100%;\">\n<colgroup>\n<col width=\"33%\" \/>\n<col width=\"33%\" \/>\n<col width=\"33%\" \/> <\/colgroup>\n<tbody>\n<tr>\n<td style=\"text-align: left;\">&lt;<br \/>\n<a href=\"http:\/\/www.cronopio.de\/instrumentenausstellung\/floeteninstrumente\/blockfloete\/\">Blockfl\u00f6ten<\/a><\/td>\n<td style=\"text-align: center;\">^<br \/>\n<a href=\"http:\/\/www.cronopio.de\/instrumentenausstellung\/floeteninstrumente\/\">Fl\u00f6teninstrumente<\/a><\/td>\n<td style=\"text-align: right;\">&gt;<br \/>\n<a href=\"http:\/\/www.cronopio.de\/instrumentenausstellung\/instrumentenfamilien\/floeteninstrumente\/traversfloete-querfloete\/\">Traversfl\u00f6ten<\/a><\/td>\n<\/tr>\n<\/tbody>\n<\/table>\n","protected":false},"excerpt":{"rendered":"<p>Hintergrundinformationen zum Gemshorn<\/p>\n","protected":false},"author":1,"featured_media":0,"parent":250,"menu_order":2,"comment_status":"closed","ping_status":"closed","template":"","meta":{"_crdt_document":"","_themeisle_gutenberg_block_has_review":false,"h5ap_radio_sources":[],"footnotes":""},"class_list":["post-24","page","type-page","status-publish","hentry"],"_links":{"self":[{"href":"http:\/\/www.cronopio.de\/instrumentenausstellung\/wp-json\/wp\/v2\/pages\/24","targetHints":{"allow":["GET"]}}],"collection":[{"href":"http:\/\/www.cronopio.de\/instrumentenausstellung\/wp-json\/wp\/v2\/pages"}],"about":[{"href":"http:\/\/www.cronopio.de\/instrumentenausstellung\/wp-json\/wp\/v2\/types\/page"}],"author":[{"embeddable":true,"href":"http:\/\/www.cronopio.de\/instrumentenausstellung\/wp-json\/wp\/v2\/users\/1"}],"replies":[{"embeddable":true,"href":"http:\/\/www.cronopio.de\/instrumentenausstellung\/wp-json\/wp\/v2\/comments?post=24"}],"version-history":[{"count":16,"href":"http:\/\/www.cronopio.de\/instrumentenausstellung\/wp-json\/wp\/v2\/pages\/24\/revisions"}],"predecessor-version":[{"id":1881,"href":"http:\/\/www.cronopio.de\/instrumentenausstellung\/wp-json\/wp\/v2\/pages\/24\/revisions\/1881"}],"up":[{"embeddable":true,"href":"http:\/\/www.cronopio.de\/instrumentenausstellung\/wp-json\/wp\/v2\/pages\/250"}],"wp:attachment":[{"href":"http:\/\/www.cronopio.de\/instrumentenausstellung\/wp-json\/wp\/v2\/media?parent=24"}],"curies":[{"name":"wp","href":"https:\/\/api.w.org\/{rel}","templated":true}]}}