{"id":1515,"date":"2016-08-26T22:04:51","date_gmt":"2016-08-26T20:04:51","guid":{"rendered":"http:\/\/www.cronopio.de\/instrumentenausstellung\/?page_id=1515"},"modified":"2018-08-30T23:18:18","modified_gmt":"2018-08-30T21:18:18","slug":"bilder","status":"publish","type":"page","link":"http:\/\/www.cronopio.de\/instrumentenausstellung\/ausstellung\/bilder\/","title":{"rendered":"Bilder"},"content":{"rendered":"<table width=\"100%\">\n<colgroup>\n<col width=\"5%\" \/>\n<col width=\"90%\" \/>\n<col width=\"5%\" \/> <\/colgroup>\n<tbody>\n<tr>\n<td valign=\"middle\">\n<p style=\"font-size: 40pt; text-align: center;\"><a href=\"http:\/\/www.cronopio.de\/instrumentenausstellung\/ausstellung\/harfe\/\">\u2190<\/a><\/p>\n<\/td>\n<td><a href=\"http:\/\/www.nga.gov\/content\/ngaweb\/Collection\/art-object-page.41595.html\"><img loading=\"lazy\" decoding=\"async\" class=\"alignnone wp-image-1516 size-medium\" src=\"http:\/\/www.cronopio.de\/instrumentenausstellung\/wp-content\/uploads\/sites\/2\/2016\/08\/Mary-Queen-of-Heaven2-242x300.jpg\" alt=\"Master of the Saint Lucy Legend, Mary, Queen of Heaven, Netherlandish, active c. 1480 - c. 1510, c. 1485\/1500, oil on panel, Samuel H. Kress Collection\" width=\"242\" height=\"300\" srcset=\"http:\/\/www.cronopio.de\/instrumentenausstellung\/wp-content\/uploads\/sites\/2\/2016\/08\/Mary-Queen-of-Heaven2-242x300.jpg 242w, http:\/\/www.cronopio.de\/instrumentenausstellung\/wp-content\/uploads\/sites\/2\/2016\/08\/Mary-Queen-of-Heaven2-768x951.jpg 768w, http:\/\/www.cronopio.de\/instrumentenausstellung\/wp-content\/uploads\/sites\/2\/2016\/08\/Mary-Queen-of-Heaven2-827x1024.jpg 827w, http:\/\/www.cronopio.de\/instrumentenausstellung\/wp-content\/uploads\/sites\/2\/2016\/08\/Mary-Queen-of-Heaven2-1163x1440.jpg 1163w\" sizes=\"auto, (max-width: 242px) 100vw, 242px\" \/><\/a><\/td>\n<td valign=\"middle\">\n<p style=\"font-size: 40pt; text-align: center;\"><a href=\"http:\/\/www.cronopio.de\/instrumentenausstellung\/ausstellung\/heidelberger-totentanz\/\">\u2192<\/a><\/p>\n<\/td>\n<\/tr>\n<\/tbody>\n<\/table>\n<p style=\"text-align: center;\"><strong>Maria Himmelsk\u00f6nigin<\/strong><br \/>\nNiederl\u00e4ndischer Meister, ca. 1480 &#8211; 1510<\/p>\n<p><a href=\"http:\/\/www.cronopio.de\/instrumentenausstellung\/ausstellung\/bilder\/breughel_allegorie-der-musik-2\/\"><img loading=\"lazy\" decoding=\"async\" class=\"aligncenter wp-image-1521 size-medium\" src=\"http:\/\/www.cronopio.de\/instrumentenausstellung\/wp-content\/uploads\/sites\/2\/2016\/08\/breughel_allegorie-der-musik-300x205.jpg\" alt=\"Allegorie der Musik\" width=\"300\" height=\"205\" srcset=\"http:\/\/www.cronopio.de\/instrumentenausstellung\/wp-content\/uploads\/sites\/2\/2016\/08\/breughel_allegorie-der-musik-300x205.jpg 300w, http:\/\/www.cronopio.de\/instrumentenausstellung\/wp-content\/uploads\/sites\/2\/2016\/08\/breughel_allegorie-der-musik-768x526.jpg 768w, http:\/\/www.cronopio.de\/instrumentenausstellung\/wp-content\/uploads\/sites\/2\/2016\/08\/breughel_allegorie-der-musik-1024x701.jpg 1024w, http:\/\/www.cronopio.de\/instrumentenausstellung\/wp-content\/uploads\/sites\/2\/2016\/08\/breughel_allegorie-der-musik-1440x986.jpg 1440w\" sizes=\"auto, (max-width: 300px) 100vw, 300px\" \/><\/a><\/p>\n<p style=\"text-align: center;\"><strong>Allegorie der Musik<\/strong><br \/>\nJan Bruegel der \u00c4ltere, 1615<\/p>\n<p><a href=\"http:\/\/www.cronopio.de\/instrumentenausstellung\/ausstellung\/bilder\/floete_el-greco\/\"><img loading=\"lazy\" decoding=\"async\" class=\"aligncenter wp-image-1524 size-medium\" src=\"http:\/\/www.cronopio.de\/instrumentenausstellung\/wp-content\/uploads\/sites\/2\/2016\/08\/fl\u00f6te_el-greco-171x300.jpg\" alt=\"La Anunciaci\u00f3n, El Greco\" width=\"171\" height=\"300\" srcset=\"http:\/\/www.cronopio.de\/instrumentenausstellung\/wp-content\/uploads\/sites\/2\/2016\/08\/fl\u00f6te_el-greco-171x300.jpg 171w, http:\/\/www.cronopio.de\/instrumentenausstellung\/wp-content\/uploads\/sites\/2\/2016\/08\/fl\u00f6te_el-greco-768x1349.jpg 768w, http:\/\/www.cronopio.de\/instrumentenausstellung\/wp-content\/uploads\/sites\/2\/2016\/08\/fl\u00f6te_el-greco-583x1024.jpg 583w, http:\/\/www.cronopio.de\/instrumentenausstellung\/wp-content\/uploads\/sites\/2\/2016\/08\/fl\u00f6te_el-greco-820x1440.jpg 820w\" sizes=\"auto, (max-width: 171px) 100vw, 171px\" \/><\/a><\/p>\n<p style=\"text-align: center;\"><strong>La Anunciaci\u00f3n<\/strong><br \/>\nEl Greco, 1596\u20131600<\/p>\n","protected":false},"excerpt":{"rendered":"<p>\u2190 \u2192 Maria Himmelsk\u00f6nigin Niederl\u00e4ndischer Meister, ca. 1480 &#8211; 1510 Allegorie der Musik Jan Bruegel der \u00c4ltere, 1615 La Anunciaci\u00f3n El Greco, 1596\u20131600<\/p>\n","protected":false},"author":2,"featured_media":0,"parent":641,"menu_order":24,"comment_status":"closed","ping_status":"closed","template":"","meta":{"_crdt_document":"","_themeisle_gutenberg_block_has_review":false,"h5ap_radio_sources":[],"footnotes":""},"class_list":["post-1515","page","type-page","status-publish","hentry"],"_links":{"self":[{"href":"http:\/\/www.cronopio.de\/instrumentenausstellung\/wp-json\/wp\/v2\/pages\/1515","targetHints":{"allow":["GET"]}}],"collection":[{"href":"http:\/\/www.cronopio.de\/instrumentenausstellung\/wp-json\/wp\/v2\/pages"}],"about":[{"href":"http:\/\/www.cronopio.de\/instrumentenausstellung\/wp-json\/wp\/v2\/types\/page"}],"author":[{"embeddable":true,"href":"http:\/\/www.cronopio.de\/instrumentenausstellung\/wp-json\/wp\/v2\/users\/2"}],"replies":[{"embeddable":true,"href":"http:\/\/www.cronopio.de\/instrumentenausstellung\/wp-json\/wp\/v2\/comments?post=1515"}],"version-history":[{"count":9,"href":"http:\/\/www.cronopio.de\/instrumentenausstellung\/wp-json\/wp\/v2\/pages\/1515\/revisions"}],"predecessor-version":[{"id":1940,"href":"http:\/\/www.cronopio.de\/instrumentenausstellung\/wp-json\/wp\/v2\/pages\/1515\/revisions\/1940"}],"up":[{"embeddable":true,"href":"http:\/\/www.cronopio.de\/instrumentenausstellung\/wp-json\/wp\/v2\/pages\/641"}],"wp:attachment":[{"href":"http:\/\/www.cronopio.de\/instrumentenausstellung\/wp-json\/wp\/v2\/media?parent=1515"}],"curies":[{"name":"wp","href":"https:\/\/api.w.org\/{rel}","templated":true}]}}