{"id":1402,"date":"2016-08-25T23:14:17","date_gmt":"2016-08-25T21:14:17","guid":{"rendered":"http:\/\/www.cronopio.de\/instrumentenausstellung\/?page_id=1402"},"modified":"2018-08-15T23:21:55","modified_gmt":"2018-08-15T21:21:55","slug":"traversfloeten","status":"publish","type":"page","link":"http:\/\/www.cronopio.de\/instrumentenausstellung\/ausstellung\/traversfloeten\/","title":{"rendered":"Traversfl\u00f6ten"},"content":{"rendered":"<div style=\"overflow-y:hidden; overflow-x:auto\">\n<table style=\"border-color: white; width: 100%;\">\n<colgroup>\n<col width=\"33%\" \/>\n<col width=\"33%\" \/>\n<col width=\"33%\" \/> <\/colgroup>\n<tbody>\n<tr>\n<td><a href=\"http:\/\/www.cronopio.de\/instrumentenausstellung\/instrumentenfamilien\/floeteninstrumente\/traversfloete\/\"><u>Mehr Infos<\/u><\/a> zum Instrument<\/td>\n<td>\n<\/td>\n<td style=\"text-align: right;\"><audio controls><source src=\"http:\/\/www.cronopio.de\/instrumentenausstellung\/wp-content\/uploads\/sites\/2\/2016\/07\/traverso.mp3\" type=\"audio\/mpeg\">Your browser does not support the audio element.<\/audio><br \/>\n<i><strong>Traversfl\u00f6te<\/strong><br \/>Wizlav von R\u00fcgen, Loibere risen, Ausf\u00fchrende: Medelike Consort<\/i>\n<\/td>\n<\/tr>\n<\/tbody>\n<\/table>\n<\/div>\n<table style=\"width: 100%; overflow: auto\">\n<colgroup>\n<col width=\"5%\">\n<col width=\"90%\">\n<col width=\"5%\"> <\/colgroup>\n<tbody>\n<tr>\n<td valign=\"middle\">\n<p style=\"font-size:40pt; text-align:center;\"><a href=\"http:\/\/www.cronopio.de\/instrumentenausstellung\/ausstellung\/blockfloeten\/\">\u2190<\/a><\/p>\n<\/td>\n<td>\n<p><a href=\"http:\/\/www.cronopio.de\/instrumentenausstellung\/wp-content\/uploads\/sites\/2\/2016\/08\/imgp2971.jpg\"><img loading=\"lazy\" decoding=\"async\" src=\"http:\/\/www.cronopio.de\/instrumentenausstellung\/wp-content\/uploads\/sites\/2\/2016\/08\/imgp2971-286x300.jpg\" alt=\"Traversfl\u00f6ten\" width=\"286\" height=\"300\" class=\"aligncenter size-medium wp-image-1406\" srcset=\"http:\/\/www.cronopio.de\/instrumentenausstellung\/wp-content\/uploads\/sites\/2\/2016\/08\/imgp2971-286x300.jpg 286w, http:\/\/www.cronopio.de\/instrumentenausstellung\/wp-content\/uploads\/sites\/2\/2016\/08\/imgp2971-768x807.jpg 768w, http:\/\/www.cronopio.de\/instrumentenausstellung\/wp-content\/uploads\/sites\/2\/2016\/08\/imgp2971-975x1024.jpg 975w, http:\/\/www.cronopio.de\/instrumentenausstellung\/wp-content\/uploads\/sites\/2\/2016\/08\/imgp2971-1371x1440.jpg 1371w\" sizes=\"auto, (max-width: 286px) 100vw, 286px\" \/><\/a><\/p>\n<\/td>\n<td valign=\"middle\">\n<p style=\"font-size:40pt; text-align:center;\"><a href=\"http:\/\/www.cronopio.de\/instrumentenausstellung\/ausstellung\/krummhoerner\/\">\u2192<\/a><\/p>\n<\/td>\n<\/tr>\n<\/tbody>\n<\/table>\n<p style=\"text-align: center;\">\nvon oben nach unten:<br \/>\n<strong>Renaissance-Traversfl\u00f6te<\/strong><br \/>\n<strong>Seitlpfeife<\/strong><br \/>\n<strong>Traversfl\u00f6te<\/strong>: Material: Alabaster, Hersteller: Alabastro Sonoro, Volterra<\/p>\n","protected":false},"excerpt":{"rendered":"<p>Mehr Infos zum Instrument Your browser does not support the audio element. Traversfl\u00f6teWizlav von R\u00fcgen, Loibere risen, Ausf\u00fchrende: Medelike Consort \u2190 \u2192 von oben nach unten: Renaissance-Traversfl\u00f6te Seitlpfeife Traversfl\u00f6te: Material: Alabaster, Hersteller: Alabastro Sonoro, Volterra<\/p>\n","protected":false},"author":2,"featured_media":0,"parent":641,"menu_order":13,"comment_status":"closed","ping_status":"closed","template":"","meta":{"_crdt_document":"","_themeisle_gutenberg_block_has_review":false,"h5ap_radio_sources":[],"footnotes":""},"class_list":["post-1402","page","type-page","status-publish","hentry"],"_links":{"self":[{"href":"http:\/\/www.cronopio.de\/instrumentenausstellung\/wp-json\/wp\/v2\/pages\/1402","targetHints":{"allow":["GET"]}}],"collection":[{"href":"http:\/\/www.cronopio.de\/instrumentenausstellung\/wp-json\/wp\/v2\/pages"}],"about":[{"href":"http:\/\/www.cronopio.de\/instrumentenausstellung\/wp-json\/wp\/v2\/types\/page"}],"author":[{"embeddable":true,"href":"http:\/\/www.cronopio.de\/instrumentenausstellung\/wp-json\/wp\/v2\/users\/2"}],"replies":[{"embeddable":true,"href":"http:\/\/www.cronopio.de\/instrumentenausstellung\/wp-json\/wp\/v2\/comments?post=1402"}],"version-history":[{"count":10,"href":"http:\/\/www.cronopio.de\/instrumentenausstellung\/wp-json\/wp\/v2\/pages\/1402\/revisions"}],"predecessor-version":[{"id":1627,"href":"http:\/\/www.cronopio.de\/instrumentenausstellung\/wp-json\/wp\/v2\/pages\/1402\/revisions\/1627"}],"up":[{"embeddable":true,"href":"http:\/\/www.cronopio.de\/instrumentenausstellung\/wp-json\/wp\/v2\/pages\/641"}],"wp:attachment":[{"href":"http:\/\/www.cronopio.de\/instrumentenausstellung\/wp-json\/wp\/v2\/media?parent=1402"}],"curies":[{"name":"wp","href":"https:\/\/api.w.org\/{rel}","templated":true}]}}