{"id":1297,"date":"2016-08-05T19:27:23","date_gmt":"2016-08-05T17:27:23","guid":{"rendered":"http:\/\/www.cronopio.de\/instrumentenausstellung\/?page_id=1297"},"modified":"2018-08-15T23:21:54","modified_gmt":"2018-08-15T21:21:54","slug":"blockfloeten","status":"publish","type":"page","link":"http:\/\/www.cronopio.de\/instrumentenausstellung\/ausstellung\/blockfloeten\/","title":{"rendered":"Blockfl\u00f6ten"},"content":{"rendered":"<!--[if lt IE 9]><script>document.createElement('audio');<\/script><![endif]-->\n\t<div class=\"wp-playlist wp-audio-playlist wp-playlist-light\">\n\t\t\t<div class=\"wp-playlist-current-item\"><\/div>\n\t\t<audio controls=\"controls\" preload=\"none\" width=\"1475\"\n\t\t\t><\/audio>\n\t<div class=\"wp-playlist-next\"><\/div>\n\t<div class=\"wp-playlist-prev\"><\/div>\n\t<noscript>\n\t<ol>\n\t\t<li><a href='http:\/\/www.cronopio.de\/instrumentenausstellung\/wp-content\/uploads\/sites\/2\/2016\/07\/blockfloete.mp3'>Blockfl\u00f6ten-Consort: Tielman Susato, Pavane & Gaillarde \u201eLa Dona\u201c<\/a><\/li><li><a href='http:\/\/www.cronopio.de\/instrumentenausstellung\/wp-content\/uploads\/sites\/2\/2016\/07\/garkleinfloetlein.mp3'>Garklein-Fl\u00f6tlein: La Rotta<\/a><\/li>\t<\/ol>\n\t<\/noscript>\n\t<script type=\"application\/json\" class=\"wp-playlist-script\">{\"type\":\"audio\",\"tracklist\":true,\"tracknumbers\":true,\"images\":false,\"artists\":true,\"tracks\":[{\"src\":\"http:\\\/\\\/www.cronopio.de\\\/instrumentenausstellung\\\/wp-content\\\/uploads\\\/sites\\\/2\\\/2016\\\/07\\\/blockfloete.mp3\",\"type\":\"audio\\\/mpeg\",\"title\":\"Blockfl\\u00f6ten-Consort: Tielman Susato, Pavane & Gaillarde \\u201eLa Dona\\u201c\",\"caption\":\"Blockfl\\u00f6ten-Consort:\\nTielman Susato, Pavane & Gaillarde \\u201eLa Dona\\u201c\",\"description\":\"\",\"meta\":{\"artist\":\"Medelike Consort\",\"album\":\"Musick Boexkens des Tilman Susato\",\"genre\":\"Renaissance\",\"length_formatted\":\"2:14\"},\"image\":{\"src\":\"http:\\\/\\\/www.cronopio.de\\\/instrumentenausstellung\\\/wp-includes\\\/images\\\/media\\\/audio.svg\",\"width\":48,\"height\":64},\"thumb\":{\"src\":\"http:\\\/\\\/www.cronopio.de\\\/instrumentenausstellung\\\/wp-includes\\\/images\\\/media\\\/audio.svg\",\"width\":48,\"height\":64}},{\"src\":\"http:\\\/\\\/www.cronopio.de\\\/instrumentenausstellung\\\/wp-content\\\/uploads\\\/sites\\\/2\\\/2016\\\/07\\\/garkleinfloetlein.mp3\",\"type\":\"audio\\\/mpeg\",\"title\":\"Garklein-Fl\\u00f6tlein: La Rotta\",\"caption\":\"Garklein-Fl\\u00f6tlein: La Rotta\",\"description\":\"\",\"meta\":{\"artist\":\"Medelike-Consort\",\"album\":\"Anonym, 14. Jahrhundert\",\"length_formatted\":\"0:59\"},\"image\":{\"src\":\"http:\\\/\\\/www.cronopio.de\\\/instrumentenausstellung\\\/wp-includes\\\/images\\\/media\\\/audio.svg\",\"width\":48,\"height\":64},\"thumb\":{\"src\":\"http:\\\/\\\/www.cronopio.de\\\/instrumentenausstellung\\\/wp-includes\\\/images\\\/media\\\/audio.svg\",\"width\":48,\"height\":64}}]}<\/script>\n<\/div>\n\t\n<p><a href=\"http:\/\/www.cronopio.de\/instrumentenausstellung\/instrumentenfamilien\/floeteninstrumente\/blockfloete\/\"><u>Mehr Infos<\/u><\/a> zum Instrument<\/p>\n<table width=\"100%\">\n<colgroup>\n<col width=\"5%\" \/>\n<col width=\"90%\" \/>\n<col width=\"5%\" \/> <\/colgroup>\n<tbody>\n<tr>\n<td valign=\"middle\">\n<p style=\"font-size: 40pt; text-align: center;\"><a href=\"http:\/\/www.cronopio.de\/instrumentenausstellung\/ausstellung\/tambourin-de-bearn\/\">\u2190<\/a><\/p>\n<\/td>\n<td><a href=\"http:\/\/www.cronopio.de\/instrumentenausstellung\/ausstellung\/blockfloeten\/a17_virdung_blockfloeten-jpg\/\"><img loading=\"lazy\" decoding=\"async\" class=\"aligncenter wp-image-559 size-medium\" src=\"http:\/\/www.cronopio.de\/instrumentenausstellung\/wp-content\/uploads\/sites\/2\/2016\/07\/A17_Virdung_Blockfloeten-200x300.jpg\" alt=\"Blockfl\u00f6ten nach Sebastian Virdung\" width=\"200\" height=\"300\" srcset=\"http:\/\/www.cronopio.de\/instrumentenausstellung\/wp-content\/uploads\/sites\/2\/2016\/07\/A17_Virdung_Blockfloeten-200x300.jpg 200w, http:\/\/www.cronopio.de\/instrumentenausstellung\/wp-content\/uploads\/sites\/2\/2016\/07\/A17_Virdung_Blockfloeten-768x1152.jpg 768w, http:\/\/www.cronopio.de\/instrumentenausstellung\/wp-content\/uploads\/sites\/2\/2016\/07\/A17_Virdung_Blockfloeten-682x1024.jpg 682w, http:\/\/www.cronopio.de\/instrumentenausstellung\/wp-content\/uploads\/sites\/2\/2016\/07\/A17_Virdung_Blockfloeten-1200x1800.jpg 1200w, http:\/\/www.cronopio.de\/instrumentenausstellung\/wp-content\/uploads\/sites\/2\/2016\/07\/A17_Virdung_Blockfloeten.jpg 1333w\" sizes=\"auto, (max-width: 200px) 100vw, 200px\" \/><\/a><\/td>\n<td valign=\"middle\">\n<p style=\"font-size: 40pt; text-align: center;\"><a href=\"http:\/\/www.cronopio.de\/instrumentenausstellung\/ausstellung\/traversfloeten\/\">\u2192<\/a><\/p>\n<\/td>\n<\/tr>\n<\/tbody>\n<\/table>\n<p style=\"text-align: center;\"><strong>Sopran-, Alt-, Tenor- und Bass-Blockfl\u00f6te,<\/strong><br \/>\nHersteller: Carl Hanson (nach S. Virdung)<\/p>\n<p><a href=\"http:\/\/www.cronopio.de\/instrumentenausstellung\/ausstellung\/blockfloeten\/a18_blockfloeten-jpg\/\"><img loading=\"lazy\" decoding=\"async\" class=\"aligncenter wp-image-560 size-medium\" src=\"http:\/\/www.cronopio.de\/instrumentenausstellung\/wp-content\/uploads\/sites\/2\/2016\/07\/A18_Blockfloeten-225x300.jpg\" alt=\"Blockfl\u00f6ten\" width=\"225\" height=\"300\" srcset=\"http:\/\/www.cronopio.de\/instrumentenausstellung\/wp-content\/uploads\/sites\/2\/2016\/07\/A18_Blockfloeten-225x300.jpg 225w, http:\/\/www.cronopio.de\/instrumentenausstellung\/wp-content\/uploads\/sites\/2\/2016\/07\/A18_Blockfloeten-768x1025.jpg 768w, http:\/\/www.cronopio.de\/instrumentenausstellung\/wp-content\/uploads\/sites\/2\/2016\/07\/A18_Blockfloeten-767x1024.jpg 767w, http:\/\/www.cronopio.de\/instrumentenausstellung\/wp-content\/uploads\/sites\/2\/2016\/07\/A18_Blockfloeten-1200x1602.jpg 1200w, http:\/\/www.cronopio.de\/instrumentenausstellung\/wp-content\/uploads\/sites\/2\/2016\/07\/A18_Blockfloeten.jpg 1498w\" sizes=\"auto, (max-width: 225px) 100vw, 225px\" \/><\/a><\/p>\n<p style=\"text-align: center;\"><strong>Blockfl\u00f6ten<\/strong><br \/>\nvon links nach rechts:<\/p>\n<p style=\"text-align: center;\"><strong>Garklein-Blockfl\u00f6tlein,<\/strong><br \/>\nHersteller: Hopf (nach M. Praetorius)<br \/>\nTonumfang: c&#8220;&#8216; \u2013 a&#8220;&#8220;<\/p>\n<p style=\"text-align: center;\"><strong>Sopranino-Blockfl\u00f6te,<\/strong><br \/>\nHersteller: Moeck<br \/>\nTonumfang: f&#8220; \u2013 d&#8220;&#8220;<\/p>\n<p style=\"text-align: center;\"><strong>Sopran-Blockfl\u00f6te,<\/strong><br \/>\nHersteller: Hopf (nach M. Praetorius)<br \/>\nTonumfang: c&#8220; \u2013 a&#8220;&#8216;<\/p>\n<p style=\"text-align: center;\"><strong>Sopran-Blockfl\u00f6te,<\/strong><br \/>\nMaterial: Ahorn<br \/>\nHersteller: Gertraud Umlauft<br \/>\nTonumfang: c&#8220; \u2013 a&#8220;&#8216;<\/p>\n<p style=\"text-align: center;\"><strong>Sopran-Blockfl\u00f6te,<\/strong><br \/>\nMaterial: Zwetschgen- und Olivenholz<br \/>\nHersteller: Gertraud Umlauft<br \/>\nTonumfang: c&#8220; \u2013 a&#8220;&#8216;<\/p>\n<p><a href=\"http:\/\/www.cronopio.de\/instrumentenausstellung\/ausstellung\/blockfloeten\/a25_aufgesaegte-jpg\/\"><img loading=\"lazy\" decoding=\"async\" class=\"aligncenter wp-image-638 size-medium\" src=\"http:\/\/www.cronopio.de\/instrumentenausstellung\/wp-content\/uploads\/sites\/2\/2016\/07\/A25_Bartschies-Floeten-225x300.jpg\" alt=\"Mittelalter-Blockfl\u00f6ten\" width=\"225\" height=\"300\" srcset=\"http:\/\/www.cronopio.de\/instrumentenausstellung\/wp-content\/uploads\/sites\/2\/2016\/07\/A25_Bartschies-Floeten-225x300.jpg 225w, http:\/\/www.cronopio.de\/instrumentenausstellung\/wp-content\/uploads\/sites\/2\/2016\/07\/A25_Bartschies-Floeten-768x1024.jpg 768w, http:\/\/www.cronopio.de\/instrumentenausstellung\/wp-content\/uploads\/sites\/2\/2016\/07\/A25_Bartschies-Floeten-1200x1600.jpg 1200w, http:\/\/www.cronopio.de\/instrumentenausstellung\/wp-content\/uploads\/sites\/2\/2016\/07\/A25_Bartschies-Floeten.jpg 1500w\" sizes=\"auto, (max-width: 225px) 100vw, 225px\" \/><\/a><\/p>\n<p style=\"text-align: center;\"><strong>Sopran- und Alt-Blockfl\u00f6te,<\/strong><br \/>\nHersteller: Helmut Bartschies<\/p>\n<p><a href=\"http:\/\/www.cronopio.de\/instrumentenausstellung\/ausstellung\/blockfloeten\/a22_alabasterfloete-jpg\/\"><img loading=\"lazy\" decoding=\"async\" class=\"aligncenter wp-image-564 size-medium\" src=\"http:\/\/www.cronopio.de\/instrumentenausstellung\/wp-content\/uploads\/sites\/2\/2016\/07\/A22_Alabasterfloete-212x300.jpg\" alt=\"Alabaster-Blockfl\u00f6te\" width=\"212\" height=\"300\" srcset=\"http:\/\/www.cronopio.de\/instrumentenausstellung\/wp-content\/uploads\/sites\/2\/2016\/07\/A22_Alabasterfloete-212x300.jpg 212w, http:\/\/www.cronopio.de\/instrumentenausstellung\/wp-content\/uploads\/sites\/2\/2016\/07\/A22_Alabasterfloete-768x1089.jpg 768w, http:\/\/www.cronopio.de\/instrumentenausstellung\/wp-content\/uploads\/sites\/2\/2016\/07\/A22_Alabasterfloete-722x1024.jpg 722w, http:\/\/www.cronopio.de\/instrumentenausstellung\/wp-content\/uploads\/sites\/2\/2016\/07\/A22_Alabasterfloete-1200x1701.jpg 1200w, http:\/\/www.cronopio.de\/instrumentenausstellung\/wp-content\/uploads\/sites\/2\/2016\/07\/A22_Alabasterfloete.jpg 1411w\" sizes=\"auto, (max-width: 212px) 100vw, 212px\" \/><\/a><\/p>\n<p style=\"text-align: center;\"><strong>Sopran-Blockfl\u00f6te,<\/strong><br \/>\nMaterial: Alabaster<br \/>\nHersteller: Alabastro Sonoro, Volterra<br \/>\nTonumfang: c2 &#8211; g3<\/p>\n<p><a href=\"http:\/\/www.cronopio.de\/instrumentenausstellung\/ausstellung\/blockfloeten\/a24_aufgesaegte-jpg\/\"><img loading=\"lazy\" decoding=\"async\" class=\"aligncenter wp-image-566 size-medium\" src=\"http:\/\/www.cronopio.de\/instrumentenausstellung\/wp-content\/uploads\/sites\/2\/2016\/07\/A24_Aufgesaegte-276x300.jpg\" alt=\"L\u00e4ngsschnitt Blockfl\u00f6te\" width=\"276\" height=\"300\" srcset=\"http:\/\/www.cronopio.de\/instrumentenausstellung\/wp-content\/uploads\/sites\/2\/2016\/07\/A24_Aufgesaegte-276x300.jpg 276w, http:\/\/www.cronopio.de\/instrumentenausstellung\/wp-content\/uploads\/sites\/2\/2016\/07\/A24_Aufgesaegte-768x835.jpg 768w, http:\/\/www.cronopio.de\/instrumentenausstellung\/wp-content\/uploads\/sites\/2\/2016\/07\/A24_Aufgesaegte-942x1024.jpg 942w, http:\/\/www.cronopio.de\/instrumentenausstellung\/wp-content\/uploads\/sites\/2\/2016\/07\/A24_Aufgesaegte-1200x1305.jpg 1200w, http:\/\/www.cronopio.de\/instrumentenausstellung\/wp-content\/uploads\/sites\/2\/2016\/07\/A24_Aufgesaegte.jpg 1839w\" sizes=\"auto, (max-width: 276px) 100vw, 276px\" \/><\/a><\/p>\n<p style=\"text-align: center;\"><strong>Unterschied zwischen Renaissance- und Barock-Blockfl\u00f6te<\/strong><br \/>\nBei der dunklen Renaissancefl\u00f6te ist die Bohrung durchg\u00e4ngig weit, fast zylindrisch; bei der hellen Blockfl\u00f6te verengt sie sich nach unten (umgekehrt konisch).<\/p>\n","protected":false},"excerpt":{"rendered":"<p>Mehr Infos zum Instrument \u2190 \u2192 Sopran-, Alt-, Tenor- und Bass-Blockfl\u00f6te, Hersteller: Carl Hanson (nach S. Virdung) Blockfl\u00f6ten von links nach rechts: Garklein-Blockfl\u00f6tlein, Hersteller: Hopf (nach M. Praetorius) Tonumfang: c&#8220;&#8216; \u2013 a&#8220;&#8220; Sopranino-Blockfl\u00f6te, Hersteller: Moeck Tonumfang: f&#8220; \u2013 d&#8220;&#8220; Sopran-Blockfl\u00f6te, Hersteller: Hopf (nach M. Praetorius) Tonumfang: c&#8220; \u2013 a&#8220;&#8216; Sopran-Blockfl\u00f6te, &hellip;<\/p>\n","protected":false},"author":2,"featured_media":0,"parent":641,"menu_order":12,"comment_status":"closed","ping_status":"closed","template":"","meta":{"_crdt_document":"","_themeisle_gutenberg_block_has_review":false,"h5ap_radio_sources":[],"footnotes":""},"class_list":["post-1297","page","type-page","status-publish","hentry"],"_links":{"self":[{"href":"http:\/\/www.cronopio.de\/instrumentenausstellung\/wp-json\/wp\/v2\/pages\/1297","targetHints":{"allow":["GET"]}}],"collection":[{"href":"http:\/\/www.cronopio.de\/instrumentenausstellung\/wp-json\/wp\/v2\/pages"}],"about":[{"href":"http:\/\/www.cronopio.de\/instrumentenausstellung\/wp-json\/wp\/v2\/types\/page"}],"author":[{"embeddable":true,"href":"http:\/\/www.cronopio.de\/instrumentenausstellung\/wp-json\/wp\/v2\/users\/2"}],"replies":[{"embeddable":true,"href":"http:\/\/www.cronopio.de\/instrumentenausstellung\/wp-json\/wp\/v2\/comments?post=1297"}],"version-history":[{"count":14,"href":"http:\/\/www.cronopio.de\/instrumentenausstellung\/wp-json\/wp\/v2\/pages\/1297\/revisions"}],"predecessor-version":[{"id":1930,"href":"http:\/\/www.cronopio.de\/instrumentenausstellung\/wp-json\/wp\/v2\/pages\/1297\/revisions\/1930"}],"up":[{"embeddable":true,"href":"http:\/\/www.cronopio.de\/instrumentenausstellung\/wp-json\/wp\/v2\/pages\/641"}],"wp:attachment":[{"href":"http:\/\/www.cronopio.de\/instrumentenausstellung\/wp-json\/wp\/v2\/media?parent=1297"}],"curies":[{"name":"wp","href":"https:\/\/api.w.org\/{rel}","templated":true}]}}