{"id":711,"date":"2018-09-02T18:06:05","date_gmt":"2018-09-02T16:06:05","guid":{"rendered":"http:\/\/www.cronopio.de\/grosse-komponisten-in-moedling\/?page_id=711"},"modified":"2018-09-02T18:11:09","modified_gmt":"2018-09-02T16:11:09","slug":"karl-etti","status":"publish","type":"page","link":"http:\/\/www.cronopio.de\/grosse-komponisten-in-moedling\/karl-etti\/","title":{"rendered":"Karl Etti"},"content":{"rendered":"\n<p class=\"wp-block-paragraph\"><strong>(26.10.1912 &#8211; 15.4.1996)<\/strong><\/p>\n\n\n\n<p class=\"wp-block-paragraph\">\u201e..so wird bei Etti ein unmittelbarer Bezug zu Haydn, Mozart und Beethoven besonders deutlich durch seine zahlreichen Variationswerke auf Themen dieser Meister sichtbar.\u201c (Programmeinf\u00fchrung des Instituts f\u00fcr \u00d6sterreichische Musikdokumentation anl\u00e4sslich der Auff\u00fchrung seiner Werke am 26.5.2004 in der \u00d6sterreichischen Nationalbibliothek).<\/p>\n\n\n\n<p class=\"wp-block-paragraph\"><strong>Schule:<\/strong> Studierte an der Hochschule f\u00fcr Welthandel und an der Wiener Musikakademie (Sch\u00fcler von Joseph Marx, Felix Weingartner und Josef Krips), Staatspr\u00fcfung f\u00fcr Klavier.<\/p>\n\n\n\n<p class=\"wp-block-paragraph\"><strong>Lebenslauf:<\/strong><\/p>\n\n\n\n<ul class=\"wp-block-list\">\n<li>1937\/38 Kapellmeister der Wiener S\u00e4ngerknaben<\/li>\n<li>1938\u20131945 Dirigent an deutschen B\u00fchnen<\/li>\n<li>1945\u20131947 Dirigent der Wiener Staatsoper<\/li>\n<li>ab 1945 Dirigent bei Radio Wien, Gastdirigent der Wiener Symphoniker und des Nieder\u00f6sterreichischen Tonk\u00fcnstlerorchesters<\/li>\n<li>ab 1948 Chormeister des Wiener M\u00e4nnergesang-Vereines<\/li>\n<li>1947\u20131964 Leiter der S\u00e4ngerknaben vom Wienerwald<\/li>\n<li>1956\u20131962 Lehrer am Konservatorium Prayner<\/li>\n<li>1962 ord. Prof. an der Hochschule f\u00fcr Musik und darstellende Kunst Wien (Opernschule und -dirigieren; 1983 emeritiert)<\/li>\n<li>Lebte in Brunn am Gebirge, verstorben in M\u00f6dling.<\/li>\n<\/ul>\n\n\n\n<p class=\"wp-block-paragraph\"><strong>Berufung: <\/strong>Chorleiter, Kapellmeister, Dirigent und Komponist<\/p>\n\n\n\n<p class=\"wp-block-paragraph\"><strong>Kompositionen: <\/strong>Sein Stil gilt als postromantisch:<\/p>\n\n\n\n<ul class=\"wp-block-list\">\n<li>Oper \u201eDagmar\u201c<\/li>\n<li>Singspiele<\/li>\n<li>B\u00fchnenmusik<\/li>\n<li>Oratorium \u201eArtaban\u201c<\/li>\n<li>Kammermusik<\/li>\n<li>Chor- und symphonische Werke<\/li>\n<li>Musik f\u00fcr Kultur- und Werbefilme<\/li>\n<li>Musik f\u00fcr die Austria-Wochenschau<\/li>\n<li>U-Musik: Konzertwalzer \u201eSouvenirs\u201c, L\u00e4ndler \u201eK\u00e4rntner Weise\u201c, \u201eMontenegro-Suite\u201c, \u201eWiener Festmusik\u201c<\/li>\n<\/ul>\n\n\n\n<p class=\"wp-block-paragraph\"><\/p>\n\n\n\n<p class=\"wp-block-paragraph\"><strong>Ehrungen: <\/strong><\/p>\n\n\n\n<ul class=\"wp-block-list\"><li>1952 Staatspreis f\u00fcr Musik<\/li><li>1958 Verdienstkreuz 1. Klasse der Bundesrepublik Deutschland<\/li><li>F\u00f6rderungspreis der Stadt Wien 1961<\/li><li>W\u00fcrdigungspreis des Landes Nieder\u00f6sterreich 1962<\/li><li>Ehrenchormeister des \u00d6sterreichischen S\u00e4ngerbundes<\/li><\/ul>\n\n\n\n<figure class=\"wp-block-embed-youtube wp-block-embed is-type-video is-provider-youtube\">\n<iframe loading=\"lazy\"  id=\"_ytid_28018\"  width=\"1257\" height=\"707\"  data-origwidth=\"1257\" data-origheight=\"707\" src=\"https:\/\/www.youtube.com\/embed\/Agk8A6ZdyZU?enablejsapi=1&#038;autoplay=0&#038;cc_load_policy=0&#038;cc_lang_pref=&#038;iv_load_policy=1&#038;loop=0&#038;rel=1&#038;fs=1&#038;playsinline=0&#038;autohide=2&#038;theme=dark&#038;color=red&#038;controls=1&#038;disablekb=0&#038;\" class=\"__youtube_prefs__  epyt-is-override  no-lazyload\" title=\"YouTube player\"  allow=\"fullscreen; accelerometer; autoplay; clipboard-write; encrypted-media; gyroscope; picture-in-picture; web-share\" referrerpolicy=\"strict-origin-when-cross-origin\" allowfullscreen data-no-lazy=\"1\" data-skipgform_ajax_framebjll=\"\"><\/iframe>\n<figcaption>Jubil\u00e4umskonzert f\u00fcr Karl Etti in Brunn am Gebirge<\/figcaption><\/figure>\n\n\n\n<p class=\"wp-block-paragraph\"><div class=\"epyt-gallery\" data-currpage=\"1\" id=\"epyt_gallery_17990\"><figure class=\"wp-block-embed wp-block-embed-youtube is-type-video is-provider-youtube epyt-figure\"><div class=\"wp-block-embed__wrapper\"><iframe loading=\"lazy\"  id=\"_ytid_23695\"  width=\"1257\" height=\"707\"  data-origwidth=\"1257\" data-origheight=\"707\" src=\"https:\/\/www.youtube.com\/embed\/?enablejsapi=1&autoplay=0&cc_load_policy=0&cc_lang_pref=&iv_load_policy=1&loop=0&rel=1&fs=1&playsinline=0&autohide=2&theme=dark&color=red&controls=1&disablekb=0&\" class=\"__youtube_prefs__  no-lazyload\" title=\"YouTube player\"  data-epytgalleryid=\"epyt_gallery_17990\"  allow=\"fullscreen; accelerometer; autoplay; clipboard-write; encrypted-media; gyroscope; picture-in-picture; web-share\" referrerpolicy=\"strict-origin-when-cross-origin\" allowfullscreen data-no-lazy=\"1\" data-skipgform_ajax_framebjll=\"\"><\/iframe><\/div><\/figure><div class=\"epyt-gallery-list\"><div>Sorry, there was a YouTube error.<\/div><\/div><\/div><\/p>\n","protected":false},"excerpt":{"rendered":"<p>(26.10.1912 &#8211; 15.4.1996) \u201e..so wird bei Etti ein unmittelbarer Bezug zu Haydn, Mozart und Beethoven besonders deutlich durch seine zahlreichen Variationswerke auf Themen dieser Meister sichtbar.\u201c (Programmeinf\u00fchrung des Instituts f\u00fcr \u00d6sterreichische Musikdokumentation anl\u00e4sslich der Auff\u00fchrung seiner Werke am 26.5.2004 in der \u00d6sterreichischen Nationalbibliothek). Schule: Studierte an der Hochschule f\u00fcr Welthandel &hellip;<\/p>\n","protected":false},"author":2,"featured_media":0,"parent":0,"menu_order":0,"comment_status":"closed","ping_status":"closed","template":"","meta":{"_crdt_document":"","_themeisle_gutenberg_block_has_review":false,"h5ap_radio_sources":[],"footnotes":""},"class_list":["post-711","page","type-page","status-publish","hentry"],"_links":{"self":[{"href":"http:\/\/www.cronopio.de\/grosse-komponisten-in-moedling\/wp-json\/wp\/v2\/pages\/711","targetHints":{"allow":["GET"]}}],"collection":[{"href":"http:\/\/www.cronopio.de\/grosse-komponisten-in-moedling\/wp-json\/wp\/v2\/pages"}],"about":[{"href":"http:\/\/www.cronopio.de\/grosse-komponisten-in-moedling\/wp-json\/wp\/v2\/types\/page"}],"author":[{"embeddable":true,"href":"http:\/\/www.cronopio.de\/grosse-komponisten-in-moedling\/wp-json\/wp\/v2\/users\/2"}],"replies":[{"embeddable":true,"href":"http:\/\/www.cronopio.de\/grosse-komponisten-in-moedling\/wp-json\/wp\/v2\/comments?post=711"}],"version-history":[{"count":4,"href":"http:\/\/www.cronopio.de\/grosse-komponisten-in-moedling\/wp-json\/wp\/v2\/pages\/711\/revisions"}],"predecessor-version":[{"id":717,"href":"http:\/\/www.cronopio.de\/grosse-komponisten-in-moedling\/wp-json\/wp\/v2\/pages\/711\/revisions\/717"}],"wp:attachment":[{"href":"http:\/\/www.cronopio.de\/grosse-komponisten-in-moedling\/wp-json\/wp\/v2\/media?parent=711"}],"curies":[{"name":"wp","href":"https:\/\/api.w.org\/{rel}","templated":true}]}}