{"id":56,"date":"2018-08-20T23:11:24","date_gmt":"2018-08-20T21:11:24","guid":{"rendered":"http:\/\/www.cronopio.de\/grosse-komponisten-in-moedling\/?page_id=56"},"modified":"2018-09-13T22:59:32","modified_gmt":"2018-09-13T20:59:32","slug":"der-gasthof-zu-den-2-raben","status":"publish","type":"page","link":"http:\/\/www.cronopio.de\/grosse-komponisten-in-moedling\/der-gasthof-zu-den-2-raben\/","title":{"rendered":"Der Gasthof \u201eZu den 2 Raben\u201c"},"content":{"rendered":"\n<p class=\"wp-block-paragraph\">1819\u00a0 Beethoven schrieb seine 11 M\u00f6dlinger T\u00e4nze, WoO 17.<\/p>\n\n\n\n<p class=\"wp-block-paragraph\">Dazu Felix Anton Schindler, Sekret\u00e4r Beethovens w\u00e4hrend dessen letzten 12 Lebensjahren und erster Biograph:<br\/><em>im Sommer 1819 willfahrte Beethoven den wiederholten, <\/em><em>dringenden Bitten einer aus sieben Mitgliedern bestehen<\/em><em>den Musikgesellschaft, die danach in dem Gasthofe \u201eZu <\/em><em>den drey Raben\u201c in der Briel zum Tanze zu spielen pflegte.<\/em><br\/><\/p>\n\n\n\n<p class=\"wp-block-paragraph\">1837\u00a0 Unter Alois von Liechtenstein wich der alte Dorfgasthof einem klassizistischen Neubau.<\/p>\n\n\n\n<p class=\"wp-block-paragraph\">Im gro\u00dfen Tanzsaal spielten Johann Strau\u00df Vater und Joseph Lanner mit ihren Orchestern zum Tanz auf.<\/p>\n\n\n\n<p class=\"wp-block-paragraph\">18.7.1846\u00a0 Auftritt von Franz Liszt<\/p>\n\n\n\n<ul class=\"wp-block-gallery columns-3 is-cropped wp-block-gallery-1 is-layout-flex wp-block-gallery-is-layout-flex\"><li class=\"blocks-gallery-item\"><figure><a href=\"http:\/\/www.cronopio.de\/grosse-komponisten-in-moedling\/der-gasthof-zu-den-2-raben\/2-raben-hausnummer\/\"><img loading=\"lazy\" decoding=\"async\" width=\"1419\" height=\"963\" src=\"http:\/\/www.cronopio.de\/grosse-komponisten-in-moedling\/wp-content\/uploads\/sites\/7\/2018\/08\/P3084249.jpg\" alt=\"\" data-id=\"239\" data-link=\"http:\/\/www.cronopio.de\/grosse-komponisten-in-moedling\/der-gasthof-zu-den-2-raben\/2-raben-hausnummer\/\" class=\"wp-image-239\" srcset=\"http:\/\/www.cronopio.de\/grosse-komponisten-in-moedling\/wp-content\/uploads\/sites\/7\/2018\/08\/P3084249.jpg 1419w, http:\/\/www.cronopio.de\/grosse-komponisten-in-moedling\/wp-content\/uploads\/sites\/7\/2018\/08\/P3084249-300x204.jpg 300w, http:\/\/www.cronopio.de\/grosse-komponisten-in-moedling\/wp-content\/uploads\/sites\/7\/2018\/08\/P3084249-768x521.jpg 768w, http:\/\/www.cronopio.de\/grosse-komponisten-in-moedling\/wp-content\/uploads\/sites\/7\/2018\/08\/P3084249-1024x695.jpg 1024w, http:\/\/www.cronopio.de\/grosse-komponisten-in-moedling\/wp-content\/uploads\/sites\/7\/2018\/08\/P3084249-295x200.jpg 295w\" sizes=\"auto, (max-width: 1419px) 100vw, 1419px\" \/><\/a><\/figure><\/li><li class=\"blocks-gallery-item\"><figure><a href=\"http:\/\/www.cronopio.de\/grosse-komponisten-in-moedling\/der-gasthof-zu-den-2-raben\/gasthof-zu-den-2-raben\/\"><img loading=\"lazy\" decoding=\"async\" width=\"870\" height=\"576\" src=\"http:\/\/www.cronopio.de\/grosse-komponisten-in-moedling\/wp-content\/uploads\/sites\/7\/2018\/08\/m\u00f6dling-Gasthof-zu-den-2-Raben-Google-Suche.png\" alt=\"\" data-id=\"241\" data-link=\"http:\/\/www.cronopio.de\/grosse-komponisten-in-moedling\/der-gasthof-zu-den-2-raben\/gasthof-zu-den-2-raben\/\" class=\"wp-image-241\" srcset=\"http:\/\/www.cronopio.de\/grosse-komponisten-in-moedling\/wp-content\/uploads\/sites\/7\/2018\/08\/m\u00f6dling-Gasthof-zu-den-2-Raben-Google-Suche.png 870w, http:\/\/www.cronopio.de\/grosse-komponisten-in-moedling\/wp-content\/uploads\/sites\/7\/2018\/08\/m\u00f6dling-Gasthof-zu-den-2-Raben-Google-Suche-300x199.png 300w, http:\/\/www.cronopio.de\/grosse-komponisten-in-moedling\/wp-content\/uploads\/sites\/7\/2018\/08\/m\u00f6dling-Gasthof-zu-den-2-Raben-Google-Suche-768x508.png 768w, http:\/\/www.cronopio.de\/grosse-komponisten-in-moedling\/wp-content\/uploads\/sites\/7\/2018\/08\/m\u00f6dling-Gasthof-zu-den-2-Raben-Google-Suche-302x200.png 302w\" sizes=\"auto, (max-width: 870px) 100vw, 870px\" \/><\/a><\/figure><\/li><li class=\"blocks-gallery-item\"><figure><a href=\"http:\/\/www.cronopio.de\/grosse-komponisten-in-moedling\/der-gasthof-zu-den-2-raben\/olympus-digital-camera\/\"><img loading=\"lazy\" decoding=\"async\" width=\"1000\" height=\"700\" src=\"http:\/\/www.cronopio.de\/grosse-komponisten-in-moedling\/wp-content\/uploads\/sites\/7\/2018\/09\/P9064835_klein.jpg\" alt=\"Haus 2 Raben\" data-id=\"822\" data-link=\"http:\/\/www.cronopio.de\/grosse-komponisten-in-moedling\/der-gasthof-zu-den-2-raben\/olympus-digital-camera\/\" class=\"wp-image-822\" srcset=\"http:\/\/www.cronopio.de\/grosse-komponisten-in-moedling\/wp-content\/uploads\/sites\/7\/2018\/09\/P9064835_klein.jpg 1000w, http:\/\/www.cronopio.de\/grosse-komponisten-in-moedling\/wp-content\/uploads\/sites\/7\/2018\/09\/P9064835_klein-300x210.jpg 300w, http:\/\/www.cronopio.de\/grosse-komponisten-in-moedling\/wp-content\/uploads\/sites\/7\/2018\/09\/P9064835_klein-768x538.jpg 768w, http:\/\/www.cronopio.de\/grosse-komponisten-in-moedling\/wp-content\/uploads\/sites\/7\/2018\/09\/P9064835_klein-286x200.jpg 286w\" sizes=\"auto, (max-width: 1000px) 100vw, 1000px\" \/><\/a><\/figure><\/li><li class=\"blocks-gallery-item\"><figure><a href=\"http:\/\/www.cronopio.de\/grosse-komponisten-in-moedling\/der-gasthof-zu-den-2-raben\/franz-list\/\"><img loading=\"lazy\" decoding=\"async\" width=\"707\" height=\"554\" src=\"http:\/\/www.cronopio.de\/grosse-komponisten-in-moedling\/wp-content\/uploads\/sites\/7\/2018\/08\/Screenshot-2018-2-19-franz-liszt-Bilder-Google-Suche.png\" alt=\"\" data-id=\"240\" data-link=\"http:\/\/www.cronopio.de\/grosse-komponisten-in-moedling\/der-gasthof-zu-den-2-raben\/franz-list\/\" class=\"wp-image-240\" srcset=\"http:\/\/www.cronopio.de\/grosse-komponisten-in-moedling\/wp-content\/uploads\/sites\/7\/2018\/08\/Screenshot-2018-2-19-franz-liszt-Bilder-Google-Suche.png 707w, http:\/\/www.cronopio.de\/grosse-komponisten-in-moedling\/wp-content\/uploads\/sites\/7\/2018\/08\/Screenshot-2018-2-19-franz-liszt-Bilder-Google-Suche-300x235.png 300w, http:\/\/www.cronopio.de\/grosse-komponisten-in-moedling\/wp-content\/uploads\/sites\/7\/2018\/08\/Screenshot-2018-2-19-franz-liszt-Bilder-Google-Suche-255x200.png 255w\" sizes=\"auto, (max-width: 707px) 100vw, 707px\" \/><\/a><figcaption>Franz Liszt<\/figcaption><\/figure><\/li><li class=\"blocks-gallery-item\"><figure><a href=\"http:\/\/www.cronopio.de\/grosse-komponisten-in-moedling\/der-gasthof-zu-den-2-raben\/josef_lanner\/\"><img loading=\"lazy\" decoding=\"async\" width=\"533\" height=\"800\" src=\"http:\/\/www.cronopio.de\/grosse-komponisten-in-moedling\/wp-content\/uploads\/sites\/7\/2018\/08\/Josef_Lanner_Kriehuber_Litho_03.jpg\" alt=\"\" data-id=\"237\" data-link=\"http:\/\/www.cronopio.de\/grosse-komponisten-in-moedling\/der-gasthof-zu-den-2-raben\/josef_lanner\/\" class=\"wp-image-237\" srcset=\"http:\/\/www.cronopio.de\/grosse-komponisten-in-moedling\/wp-content\/uploads\/sites\/7\/2018\/08\/Josef_Lanner_Kriehuber_Litho_03.jpg 533w, http:\/\/www.cronopio.de\/grosse-komponisten-in-moedling\/wp-content\/uploads\/sites\/7\/2018\/08\/Josef_Lanner_Kriehuber_Litho_03-200x300.jpg 200w, http:\/\/www.cronopio.de\/grosse-komponisten-in-moedling\/wp-content\/uploads\/sites\/7\/2018\/08\/Josef_Lanner_Kriehuber_Litho_03-133x200.jpg 133w\" sizes=\"auto, (max-width: 533px) 100vw, 533px\" \/><\/a><figcaption>Josef Lanner<\/figcaption><\/figure><\/li><li class=\"blocks-gallery-item\"><figure><a href=\"http:\/\/www.cronopio.de\/grosse-komponisten-in-moedling\/der-gasthof-zu-den-2-raben\/johann-strauss-vater\/\"><img loading=\"lazy\" decoding=\"async\" width=\"507\" height=\"554\" src=\"http:\/\/www.cronopio.de\/grosse-komponisten-in-moedling\/wp-content\/uploads\/sites\/7\/2018\/08\/Screenshot-2018-2-19-johann-strau\u00df-Vater-Bilder-Google-Suche-2.png\" alt=\"\" data-id=\"238\" data-link=\"http:\/\/www.cronopio.de\/grosse-komponisten-in-moedling\/der-gasthof-zu-den-2-raben\/johann-strauss-vater\/\" class=\"wp-image-238\" srcset=\"http:\/\/www.cronopio.de\/grosse-komponisten-in-moedling\/wp-content\/uploads\/sites\/7\/2018\/08\/Screenshot-2018-2-19-johann-strau\u00df-Vater-Bilder-Google-Suche-2.png 507w, http:\/\/www.cronopio.de\/grosse-komponisten-in-moedling\/wp-content\/uploads\/sites\/7\/2018\/08\/Screenshot-2018-2-19-johann-strau\u00df-Vater-Bilder-Google-Suche-2-275x300.png 275w, http:\/\/www.cronopio.de\/grosse-komponisten-in-moedling\/wp-content\/uploads\/sites\/7\/2018\/08\/Screenshot-2018-2-19-johann-strau\u00df-Vater-Bilder-Google-Suche-2-183x200.png 183w\" sizes=\"auto, (max-width: 507px) 100vw, 507px\" \/><\/a><\/figure><\/li><\/ul>\n","protected":false},"excerpt":{"rendered":"<p>1819\u00a0 Beethoven schrieb seine 11 M\u00f6dlinger T\u00e4nze, WoO 17. Dazu Felix Anton Schindler, Sekret\u00e4r Beethovens w\u00e4hrend dessen letzten 12 Lebensjahren und erster Biograph:im Sommer 1819 willfahrte Beethoven den wiederholten, dringenden Bitten einer aus sieben Mitgliedern bestehenden Musikgesellschaft, die danach in dem Gasthofe \u201eZu den drey Raben\u201c in der Briel zum &hellip;<\/p>\n","protected":false},"author":2,"featured_media":0,"parent":0,"menu_order":0,"comment_status":"closed","ping_status":"closed","template":"","meta":{"_crdt_document":"","_themeisle_gutenberg_block_has_review":false,"h5ap_radio_sources":[],"footnotes":""},"class_list":["post-56","page","type-page","status-publish","hentry"],"_links":{"self":[{"href":"http:\/\/www.cronopio.de\/grosse-komponisten-in-moedling\/wp-json\/wp\/v2\/pages\/56","targetHints":{"allow":["GET"]}}],"collection":[{"href":"http:\/\/www.cronopio.de\/grosse-komponisten-in-moedling\/wp-json\/wp\/v2\/pages"}],"about":[{"href":"http:\/\/www.cronopio.de\/grosse-komponisten-in-moedling\/wp-json\/wp\/v2\/types\/page"}],"author":[{"embeddable":true,"href":"http:\/\/www.cronopio.de\/grosse-komponisten-in-moedling\/wp-json\/wp\/v2\/users\/2"}],"replies":[{"embeddable":true,"href":"http:\/\/www.cronopio.de\/grosse-komponisten-in-moedling\/wp-json\/wp\/v2\/comments?post=56"}],"version-history":[{"count":10,"href":"http:\/\/www.cronopio.de\/grosse-komponisten-in-moedling\/wp-json\/wp\/v2\/pages\/56\/revisions"}],"predecessor-version":[{"id":823,"href":"http:\/\/www.cronopio.de\/grosse-komponisten-in-moedling\/wp-json\/wp\/v2\/pages\/56\/revisions\/823"}],"wp:attachment":[{"href":"http:\/\/www.cronopio.de\/grosse-komponisten-in-moedling\/wp-json\/wp\/v2\/media?parent=56"}],"curies":[{"name":"wp","href":"https:\/\/api.w.org\/{rel}","templated":true}]}}