{"id":490,"date":"2018-08-27T22:51:04","date_gmt":"2018-08-27T20:51:04","guid":{"rendered":"http:\/\/www.cronopio.de\/grosse-komponisten-in-moedling\/?page_id=490"},"modified":"2018-08-30T08:21:04","modified_gmt":"2018-08-30T06:21:04","slug":"leonhard-paul","status":"publish","type":"page","link":"http:\/\/www.cronopio.de\/grosse-komponisten-in-moedling\/leonhard-paul\/","title":{"rendered":"Leonhard Paul"},"content":{"rendered":"<div class=\"wp-block-image\">\n<figure class=\"alignleft\"><img loading=\"lazy\" decoding=\"async\" width=\"448\" height=\"332\" src=\"http:\/\/www.cronopio.de\/grosse-komponisten-in-moedling\/wp-content\/uploads\/sites\/7\/2018\/08\/LeonhardPaul.jpg\" alt=\"\" class=\"wp-image-576\" srcset=\"http:\/\/www.cronopio.de\/grosse-komponisten-in-moedling\/wp-content\/uploads\/sites\/7\/2018\/08\/LeonhardPaul.jpg 448w, http:\/\/www.cronopio.de\/grosse-komponisten-in-moedling\/wp-content\/uploads\/sites\/7\/2018\/08\/LeonhardPaul-300x222.jpg 300w, http:\/\/www.cronopio.de\/grosse-komponisten-in-moedling\/wp-content\/uploads\/sites\/7\/2018\/08\/LeonhardPaul-270x200.jpg 270w\" sizes=\"auto, (max-width: 448px) 100vw, 448px\" \/><\/figure>\n<\/div>\n\n\n<p class=\"wp-block-paragraph\">\u201eSehr geehrte Damen und Herren, wir bringen dieses St\u00fcck nicht zusammen\u201c.<\/p>\n\n\n\n<p class=\"wp-block-paragraph\"><strong>Schule:<\/strong> Gymnasium Keimgasse in M\u00f6dling<\/p>\n\n\n\n<p class=\"wp-block-paragraph\"><strong>Beruf:<\/strong> Musiker (Posaune, Basstrompete), Arrangeur, Komponist, Lehrer -> Substitut bei den Wiener Symphonikern und im Orchester der Vereinigten B\u00fchnen Wien, Mitglied des Orchesters Wiener Akademie und des Ensemble Tonus, des Salonorchesters Alhambra und des Austrian Jazzorchestras. Mitbegr\u00fcnder der Bl\u00e4sergruppe Mnozil Brass. Lehrer u.a. an den Musikschulen M\u00fcrzzuschlag und Tulln; seit 2005 hat er den Lehrauftrag an der Musikuniversit\u00e4t Wien f\u00fcr Blechbl\u00e4serkammermusik, Barockposaune und Schwerpunkt Popularmusik Posaune.<\/p>\n\n\n\n<p class=\"wp-block-paragraph\"><strong>Berufung:<\/strong> Musik &amp; MNOZIL BRASS (<a href=\"http:\/\/mnozilbrass.at\/\">http:\/\/mnozilbrass.at\/<\/a>)<br\/><\/p>\n\n\n\n<p class=\"wp-block-paragraph\"><strong>Publizierte Kompositionen: <\/strong><\/p>\n\n\n\n<p class=\"wp-block-paragraph\"><strong><\/strong><\/p>\n\n\n\n<figure class=\"wp-block-image\"><img decoding=\"async\" src=\"blob:http:\/\/www.cronopio.de\/2d90e947-6a13-45e3-af18-777e7b7b739a\" alt=\"\"\/><figcaption><a href=\"http:\/\/mnozilbrass.at\/\">http:\/\/mnozilbrass.at\/<\/a><\/figcaption><\/figure>\n\n\n\n<hr class=\"wp-block-separator\"\/>\n\n\n\n<p class=\"wp-block-paragraph\"><strong>Neue Musik in Nieder\u00f6sterreich &#8211; 2019: <br\/><strong>[ha\u00dfe:luft]<\/strong><\/strong><br\/>\u201eartist in residence\u201c 2019: Leonhard Paul &#8211; Posaunist, Arrangeur und Schauspieler<\/p>\n\n\n\n<figure class=\"wp-block-embed-youtube wp-block-embed is-type-video is-provider-youtube\">\n<iframe loading=\"lazy\"  id=\"_ytid_12546\"  width=\"1257\" height=\"707\"  data-origwidth=\"1257\" data-origheight=\"707\" src=\"https:\/\/www.youtube.com\/embed\/DabFnmXZTSc?enablejsapi=1&#038;autoplay=0&#038;cc_load_policy=0&#038;cc_lang_pref=&#038;iv_load_policy=1&#038;loop=0&#038;rel=1&#038;fs=1&#038;playsinline=0&#038;autohide=2&#038;theme=dark&#038;color=red&#038;controls=1&#038;disablekb=0&#038;\" class=\"__youtube_prefs__  epyt-is-override  no-lazyload\" title=\"YouTube player\"  allow=\"fullscreen; accelerometer; autoplay; clipboard-write; encrypted-media; gyroscope; picture-in-picture; web-share\" referrerpolicy=\"strict-origin-when-cross-origin\" allowfullscreen data-no-lazy=\"1\" data-skipgform_ajax_framebjll=\"\"><\/iframe>\n<\/figure>\n\n\n\n<p class=\"wp-block-paragraph\"><div class=\"epyt-gallery\" data-currpage=\"1\" id=\"epyt_gallery_72312\"><figure class=\"wp-block-embed wp-block-embed-youtube is-type-video is-provider-youtube epyt-figure\"><div class=\"wp-block-embed__wrapper\"><iframe loading=\"lazy\"  id=\"_ytid_60896\"  width=\"1257\" height=\"707\"  data-origwidth=\"1257\" data-origheight=\"707\" src=\"https:\/\/www.youtube.com\/embed\/HJ7X7iU7Scw?enablejsapi=1&autoplay=0&cc_load_policy=0&cc_lang_pref=&iv_load_policy=1&loop=0&rel=1&fs=1&playsinline=0&autohide=2&theme=dark&color=red&controls=1&disablekb=0&\" class=\"__youtube_prefs__  no-lazyload\" title=\"YouTube player\"  data-epytgalleryid=\"epyt_gallery_72312\"  allow=\"fullscreen; accelerometer; autoplay; clipboard-write; encrypted-media; gyroscope; picture-in-picture; web-share\" referrerpolicy=\"strict-origin-when-cross-origin\" allowfullscreen data-no-lazy=\"1\" data-skipgform_ajax_framebjll=\"\"><\/iframe><\/div><\/figure><div class=\"epyt-gallery-list\"><div class=\"epyt-pagination \"><div tabindex=\"0\" role=\"button\" class=\"epyt-pagebutton epyt-prev  hide \" data-playlistid=\"UUI2p1N7FYCqy1a7gutavqsQ\" data-pagesize=\"6\" data-pagetoken=\"\" data-epcolumns=\"3\" data-showtitle=\"1\" data-showpaging=\"1\" data-autonext=\"0\" data-thumbplay=\"1\"><div class=\"epyt-arrow\">&laquo;<\/div> <div>Prev<\/div><\/div><div class=\"epyt-pagenumbers \"><div class=\"epyt-current\">1<\/div><div class=\"epyt-pageseparator\"> \/ <\/div><div class=\"epyt-totalpages\">27<\/div><\/div><div tabindex=\"0\" role=\"button\" class=\"epyt-pagebutton epyt-next\" data-playlistid=\"UUI2p1N7FYCqy1a7gutavqsQ\" data-pagesize=\"6\" data-pagetoken=\"EAAaHlBUOkNBWWlFRFV6TWtKQ01FSTBNakpHUWtNM1JVTQ\" data-epcolumns=\"3\" data-showtitle=\"1\" data-showpaging=\"1\" data-autonext=\"0\" data-thumbplay=\"1\"><div>Next<\/div> <div class=\"epyt-arrow\">&raquo;<\/div><\/div><div class=\"epyt-loader\"><img loading=\"lazy\" decoding=\"async\" alt=\"loading\" width=\"16\" height=\"11\" src=\"http:\/\/www.cronopio.de\/grosse-komponisten-in-moedling\/wp-content\/plugins\/youtube-embed-plus\/images\/gallery-page-loader.gif\"><\/div><\/div><div class=\"epyt-gallery-allthumbs  epyt-cols-3 \"><div tabindex=\"0\" role=\"button\" data-videoid=\"HJ7X7iU7Scw\" class=\"epyt-gallery-thumb\"><div class=\"epyt-gallery-img-box\"><div class=\"epyt-gallery-img\" style=\"background-image: url(https:\/\/i.ytimg.com\/vi\/HJ7X7iU7Scw\/hqdefault.jpg)\"><div class=\"epyt-gallery-playhover\"><img loading=\"lazy\" decoding=\"async\" alt=\"play\" class=\"epyt-play-img\" width=\"30\" height=\"23\" src=\"http:\/\/www.cronopio.de\/grosse-komponisten-in-moedling\/wp-content\/plugins\/youtube-embed-plus\/images\/playhover.png\" data-no-lazy=\"1\" data-skipgform_ajax_framebjll=\"\" \/><div class=\"epyt-gallery-playcrutch\"><\/div><\/div><\/div><\/div><div class=\"epyt-gallery-title\">Loop De Cirque<\/div><\/div><div tabindex=\"0\" role=\"button\" data-videoid=\"KVV1rlsWkvs\" class=\"epyt-gallery-thumb\"><div class=\"epyt-gallery-img-box\"><div class=\"epyt-gallery-img\" style=\"background-image: url(https:\/\/i.ytimg.com\/vi\/KVV1rlsWkvs\/hqdefault.jpg)\"><div class=\"epyt-gallery-playhover\"><img loading=\"lazy\" decoding=\"async\" alt=\"play\" class=\"epyt-play-img\" width=\"30\" height=\"23\" src=\"http:\/\/www.cronopio.de\/grosse-komponisten-in-moedling\/wp-content\/plugins\/youtube-embed-plus\/images\/playhover.png\" data-no-lazy=\"1\" data-skipgform_ajax_framebjll=\"\" \/><div class=\"epyt-gallery-playcrutch\"><\/div><\/div><\/div><\/div><div class=\"epyt-gallery-title\">Tip Top Toe<\/div><\/div><div tabindex=\"0\" role=\"button\" data-videoid=\"OWtkLjYNKB8\" class=\"epyt-gallery-thumb\"><div class=\"epyt-gallery-img-box\"><div class=\"epyt-gallery-img\" style=\"background-image: url(https:\/\/i.ytimg.com\/vi\/OWtkLjYNKB8\/hqdefault.jpg)\"><div class=\"epyt-gallery-playhover\"><img loading=\"lazy\" decoding=\"async\" alt=\"play\" class=\"epyt-play-img\" width=\"30\" height=\"23\" src=\"http:\/\/www.cronopio.de\/grosse-komponisten-in-moedling\/wp-content\/plugins\/youtube-embed-plus\/images\/playhover.png\" data-no-lazy=\"1\" data-skipgform_ajax_framebjll=\"\" \/><div class=\"epyt-gallery-playcrutch\"><\/div><\/div><\/div><\/div><div class=\"epyt-gallery-title\">Ouvert\u00fcre Zur Operette &quot;Die Fledermaus&quot;<\/div><\/div><div class=\"epyt-gallery-rowbreak\"><\/div><div tabindex=\"0\" role=\"button\" data-videoid=\"dptw54XRzPE\" class=\"epyt-gallery-thumb\"><div class=\"epyt-gallery-img-box\"><div class=\"epyt-gallery-img\" style=\"background-image: url(https:\/\/i.ytimg.com\/vi\/dptw54XRzPE\/hqdefault.jpg)\"><div class=\"epyt-gallery-playhover\"><img loading=\"lazy\" decoding=\"async\" alt=\"play\" class=\"epyt-play-img\" width=\"30\" height=\"23\" src=\"http:\/\/www.cronopio.de\/grosse-komponisten-in-moedling\/wp-content\/plugins\/youtube-embed-plus\/images\/playhover.png\" data-no-lazy=\"1\" data-skipgform_ajax_framebjll=\"\" \/><div class=\"epyt-gallery-playcrutch\"><\/div><\/div><\/div><\/div><div class=\"epyt-gallery-title\">Ich bin der Welt abhanden gekommen<\/div><\/div><div tabindex=\"0\" role=\"button\" data-videoid=\"LVlAA7KXhLk\" class=\"epyt-gallery-thumb\"><div class=\"epyt-gallery-img-box\"><div class=\"epyt-gallery-img\" style=\"background-image: url(https:\/\/i.ytimg.com\/vi\/LVlAA7KXhLk\/hqdefault.jpg)\"><div class=\"epyt-gallery-playhover\"><img loading=\"lazy\" decoding=\"async\" alt=\"play\" class=\"epyt-play-img\" width=\"30\" height=\"23\" src=\"http:\/\/www.cronopio.de\/grosse-komponisten-in-moedling\/wp-content\/plugins\/youtube-embed-plus\/images\/playhover.png\" data-no-lazy=\"1\" data-skipgform_ajax_framebjll=\"\" \/><div class=\"epyt-gallery-playcrutch\"><\/div><\/div><\/div><\/div><div class=\"epyt-gallery-title\">French Kiss<\/div><\/div><div tabindex=\"0\" role=\"button\" data-videoid=\"b1gIDiXkxqo\" class=\"epyt-gallery-thumb\"><div class=\"epyt-gallery-img-box\"><div class=\"epyt-gallery-img\" style=\"background-image: url(https:\/\/i.ytimg.com\/vi\/b1gIDiXkxqo\/hqdefault.jpg)\"><div class=\"epyt-gallery-playhover\"><img loading=\"lazy\" decoding=\"async\" alt=\"play\" class=\"epyt-play-img\" width=\"30\" height=\"23\" src=\"http:\/\/www.cronopio.de\/grosse-komponisten-in-moedling\/wp-content\/plugins\/youtube-embed-plus\/images\/playhover.png\" data-no-lazy=\"1\" data-skipgform_ajax_framebjll=\"\" \/><div class=\"epyt-gallery-playcrutch\"><\/div><\/div><\/div><\/div><div class=\"epyt-gallery-title\">Four Brothers<\/div><\/div><div class=\"epyt-gallery-rowbreak\"><\/div><div class=\"epyt-gallery-clear\"><\/div><\/div><div class=\"epyt-pagination \"><div tabindex=\"0\" role=\"button\" class=\"epyt-pagebutton epyt-prev  hide \" data-playlistid=\"UUI2p1N7FYCqy1a7gutavqsQ\" data-pagesize=\"6\" data-pagetoken=\"\" data-epcolumns=\"3\" data-showtitle=\"1\" data-showpaging=\"1\" data-autonext=\"0\" data-thumbplay=\"1\"><div class=\"epyt-arrow\">&laquo;<\/div> <div>Prev<\/div><\/div><div class=\"epyt-pagenumbers \"><div class=\"epyt-current\">1<\/div><div class=\"epyt-pageseparator\"> \/ <\/div><div class=\"epyt-totalpages\">27<\/div><\/div><div tabindex=\"0\" role=\"button\" class=\"epyt-pagebutton epyt-next\" data-playlistid=\"UUI2p1N7FYCqy1a7gutavqsQ\" data-pagesize=\"6\" data-pagetoken=\"EAAaHlBUOkNBWWlFRFV6TWtKQ01FSTBNakpHUWtNM1JVTQ\" data-epcolumns=\"3\" data-showtitle=\"1\" data-showpaging=\"1\" data-autonext=\"0\" data-thumbplay=\"1\"><div>Next<\/div> <div class=\"epyt-arrow\">&raquo;<\/div><\/div><div class=\"epyt-loader\"><img loading=\"lazy\" decoding=\"async\" alt=\"loading\" width=\"16\" height=\"11\" src=\"http:\/\/www.cronopio.de\/grosse-komponisten-in-moedling\/wp-content\/plugins\/youtube-embed-plus\/images\/gallery-page-loader.gif\"><\/div><\/div><\/div><\/div><\/p>\n\n\n\n<p class=\"wp-block-paragraph\">\u00a0<\/p>\n","protected":false},"excerpt":{"rendered":"<p>\u201eSehr geehrte Damen und Herren, wir bringen dieses St\u00fcck nicht zusammen\u201c. Schule: Gymnasium Keimgasse in M\u00f6dling Beruf: Musiker (Posaune, Basstrompete), Arrangeur, Komponist, Lehrer -> Substitut bei den Wiener Symphonikern und im Orchester der Vereinigten B\u00fchnen Wien, Mitglied des Orchesters Wiener Akademie und des Ensemble Tonus, des Salonorchesters Alhambra und des &hellip;<\/p>\n","protected":false},"author":2,"featured_media":0,"parent":0,"menu_order":0,"comment_status":"closed","ping_status":"closed","template":"","meta":{"_crdt_document":"","_themeisle_gutenberg_block_has_review":false,"h5ap_radio_sources":[],"footnotes":""},"class_list":["post-490","page","type-page","status-publish","hentry"],"_links":{"self":[{"href":"http:\/\/www.cronopio.de\/grosse-komponisten-in-moedling\/wp-json\/wp\/v2\/pages\/490","targetHints":{"allow":["GET"]}}],"collection":[{"href":"http:\/\/www.cronopio.de\/grosse-komponisten-in-moedling\/wp-json\/wp\/v2\/pages"}],"about":[{"href":"http:\/\/www.cronopio.de\/grosse-komponisten-in-moedling\/wp-json\/wp\/v2\/types\/page"}],"author":[{"embeddable":true,"href":"http:\/\/www.cronopio.de\/grosse-komponisten-in-moedling\/wp-json\/wp\/v2\/users\/2"}],"replies":[{"embeddable":true,"href":"http:\/\/www.cronopio.de\/grosse-komponisten-in-moedling\/wp-json\/wp\/v2\/comments?post=490"}],"version-history":[{"count":7,"href":"http:\/\/www.cronopio.de\/grosse-komponisten-in-moedling\/wp-json\/wp\/v2\/pages\/490\/revisions"}],"predecessor-version":[{"id":597,"href":"http:\/\/www.cronopio.de\/grosse-komponisten-in-moedling\/wp-json\/wp\/v2\/pages\/490\/revisions\/597"}],"wp:attachment":[{"href":"http:\/\/www.cronopio.de\/grosse-komponisten-in-moedling\/wp-json\/wp\/v2\/media?parent=490"}],"curies":[{"name":"wp","href":"https:\/\/api.w.org\/{rel}","templated":true}]}}