{"id":487,"date":"2018-08-27T22:48:37","date_gmt":"2018-08-27T20:48:37","guid":{"rendered":"http:\/\/www.cronopio.de\/grosse-komponisten-in-moedling\/?page_id=487"},"modified":"2018-09-02T22:05:31","modified_gmt":"2018-09-02T20:05:31","slug":"guenther-mohaupt","status":"publish","type":"page","link":"http:\/\/www.cronopio.de\/grosse-komponisten-in-moedling\/guenther-mohaupt\/","title":{"rendered":"G\u00fcnther Mohaupt"},"content":{"rendered":"<div class=\"wp-block-image\">\n<figure class=\"alignleft\"><img loading=\"lazy\" decoding=\"async\" width=\"338\" height=\"450\" src=\"http:\/\/www.cronopio.de\/grosse-komponisten-in-moedling\/wp-content\/uploads\/sites\/7\/2018\/08\/g\u00fcnther-mohaupt.jpg\" alt=\"\" class=\"wp-image-565\" srcset=\"http:\/\/www.cronopio.de\/grosse-komponisten-in-moedling\/wp-content\/uploads\/sites\/7\/2018\/08\/g\u00fcnther-mohaupt.jpg 338w, http:\/\/www.cronopio.de\/grosse-komponisten-in-moedling\/wp-content\/uploads\/sites\/7\/2018\/08\/g\u00fcnther-mohaupt-225x300.jpg 225w, http:\/\/www.cronopio.de\/grosse-komponisten-in-moedling\/wp-content\/uploads\/sites\/7\/2018\/08\/g\u00fcnther-mohaupt-150x200.jpg 150w\" sizes=\"auto, (max-width: 338px) 100vw, 338px\" \/><\/figure>\n<\/div>\n\n\n<p class=\"wp-block-paragraph\"><p>\u201eIch komponiere, weil mir noch Musik fehlt. Ich m\u00f6chte mich keinem Stil unterordnen, weil ich jeden Tag etwas anderes empfinde und ich auch viel ausprobieren m\u00f6chte\u201c.<\/p>\n<p><a href=\"http:\/\/www.guenther-mohaupt.at\/\">http:\/\/www.guenther-mohaupt.at\/<\/a><\/p><\/p>\n\n\n\n<p class=\"wp-block-paragraph\"><strong>Schule:<\/strong> Gymnasium Untere Bachgasse<\/p>\n\n\n\n<p class=\"wp-block-paragraph\"><strong>Beruf:<\/strong> Komponist, Chorleiter, Projektleiter, Regisseur, S\u00e4nger, Lehrer<\/p>\n\n\n\n<p class=\"wp-block-paragraph\"><strong>Berufung:<\/strong> Gr\u00fcnder und Obmann des Veranstaltungsvereines AUDITE- Freunde der Musik; Chorleiter: Vocal Ensemble M\u00f6dling, Art Ensemble, Festspielchor Steyr, Ensemble Audite; Musikalische Kinderprojekte DISSIMO, Moderator der Kinderkonzerte der Sinfonietta Baden, Lehrer an der Musikhauptschule Gumpoldskirchen<\/p>\n\n\n\n<p class=\"wp-block-paragraph\"><strong>Publizierte Kompositionen:<\/strong><\/p>\n\n\n\n<ul class=\"wp-block-list\">\n<li>Die verpasste Chance des Pontius Pilatus (Oratorium f\u00fcr 2 Soli, Chor und Kammerorchester)<\/li>\n<li>Der seltsame Krieg &#8211; La guerra strana (Oratorium f\u00fcr 3 Soli, Chor und Orchester)<\/li>\n<li>Anfang &#8211; Der 1. Tag der Sch\u00f6pfung (Oratorium f\u00fcr Chor und Orgel)<\/li>\n<li>SinnLos (f\u00fcr Chor und Streichorchester)<\/li>\n<li>Chorlernst\u00fccke: Wo? (\u00dcbungsst\u00fcck zur Quart), Nebel (\u00dcbungsst\u00fcck zum Halbton), &#8230;<\/li>\n<li>Viechereien: 4 tierische Ch\u00f6re mit Klavierbegleitung (Hahnenkampf, Fliege, Rache des Elefanten, fliegender Frosch)<\/li>\n<li>Chorwerke: Nachtlied, Waldsee, Es sitzt ein Vogel,\u2026Schulst\u00fccke f\u00fcr verschiedenste Besetzungen, Kindersingspiele, Musicals, Kabarettsongs, Waldesstimmen (Lieder von G\u00fcnther und Wolfgang Mohaupt)&#8230;<\/li>\n<\/ul>\n\n\n\n<p class=\"wp-block-paragraph\"><strong>B\u00fchnenwerke: <\/strong><\/p>\n\n\n\n<p class=\"wp-block-paragraph\"><\/p>\n\n\n\n<ul class=\"wp-block-list\">\n<li>Keine Angst Maria (Musical in 2 Teilen \/ 1990)<\/li>\n<li>Die Meuterei auf der Bounty (Musical in 2 Teilen \/ 2000)<\/li>\n<li>Bremer Stadtmusikanten (Kindersingspiel \/ 2002)<\/li>\n<li>Schneewittchen (Kindersingspiel \/ 2003)<\/li>\n<li>Obstsalat (Forummusical \/ 2009)<\/li>\n<li>W\u00fcstenplanet (Forummusical \/ 2010)<\/li>\n<li>Neufassung 2013 Planet des Lichts, Ameisenstra\u00dfe (Forummusical \/ 2011)<\/li>\n<li>Verkehrsinsel (Forum-musical \/ 2012)<\/li>\n<li>Wunschmaschine (Forummusical \/ 2013)<\/li>\n<li>Im Land der Geister (Kindermusical \/ 2014)<\/li>\n<li>Five o\u2019clock Tea (Forummusical \/ 2016)<\/li>\n<li>&#8230;<\/li>\n<\/ul>\n\n\n\n<p class=\"wp-block-paragraph\"><strong>Orchesterwerke, Chor-Orchesterwerke:\u00a0<\/strong><\/p>\n\n\n\n<ul class=\"wp-block-list\">\n<li>Die letzten Sommertage (1996)<\/li>\n<li>Waldsee (1999)<\/li>\n<li>Eurondo (2001)<\/li>\n<li>Sing die Lieder Deiner Feinde (2002)<\/li>\n<li>Psalm (2005)<\/li>\n<li>SinnLos (2007)<\/li>\n<li>Pr\u00e4ludium Nr. 1 f\u00fcr Streicher (2009)<\/li>\n<li>Hexenberg (2010)<\/li>\n<li>Gloria 15 (2015)<\/li>\n<li>Pax in Terra (2016)<\/li>\n<\/ul>\n\n\n\n<hr class=\"wp-block-separator\"\/>\n\n\n\n<p class=\"wp-block-paragraph\"><strong>Projekte an Schulen<\/strong> (<a href=\"http:\/\/www.dissimo.at\">www.dissimo.at<\/a>): Klassische Werke als Spiel-Mit-Theater f\u00fcr Kinder aufbereitet, Bilder einer Ausstellung, Peer Gynt Suite, Moldau, Hexenberg, Opernwerkstatt.<\/p>\n\n\n\n<figure class=\"wp-block-embed-youtube wp-block-embed is-type-video is-provider-youtube\">\n<iframe loading=\"lazy\"  id=\"_ytid_80037\"  width=\"1257\" height=\"707\"  data-origwidth=\"1257\" data-origheight=\"707\" src=\"https:\/\/www.youtube.com\/embed\/6AE6rPCCtHk?enablejsapi=1&#038;autoplay=0&#038;cc_load_policy=0&#038;cc_lang_pref=&#038;iv_load_policy=1&#038;loop=0&#038;rel=1&#038;fs=1&#038;playsinline=0&#038;autohide=2&#038;theme=dark&#038;color=red&#038;controls=1&#038;disablekb=0&#038;\" class=\"__youtube_prefs__  epyt-is-override  no-lazyload\" title=\"YouTube player\"  allow=\"fullscreen; accelerometer; autoplay; clipboard-write; encrypted-media; gyroscope; picture-in-picture; web-share\" referrerpolicy=\"strict-origin-when-cross-origin\" allowfullscreen data-no-lazy=\"1\" data-skipgform_ajax_framebjll=\"\"><\/iframe>\n<figcaption><strong>Der erste Tag der Sch\u00f6pfung, Oratorium f\u00fcr Chor und Orgel, Othmarkirche, M\u00f6dling<\/strong><br\/>\u00a0<\/figcaption><\/figure>\n\n\n\n<figure class=\"wp-block-embed-youtube wp-block-embed is-type-video is-provider-youtube\">\n<iframe loading=\"lazy\"  id=\"_ytid_29783\"  width=\"1257\" height=\"707\"  data-origwidth=\"1257\" data-origheight=\"707\" src=\"https:\/\/www.youtube.com\/embed\/Po5vB14jcqU?enablejsapi=1&#038;autoplay=0&#038;cc_load_policy=0&#038;cc_lang_pref=&#038;iv_load_policy=1&#038;loop=0&#038;rel=1&#038;fs=1&#038;playsinline=0&#038;autohide=2&#038;theme=dark&#038;color=red&#038;controls=1&#038;disablekb=0&#038;\" class=\"__youtube_prefs__  epyt-is-override  no-lazyload\" title=\"YouTube player\"  allow=\"fullscreen; accelerometer; autoplay; clipboard-write; encrypted-media; gyroscope; picture-in-picture; web-share\" referrerpolicy=\"strict-origin-when-cross-origin\" allowfullscreen data-no-lazy=\"1\" data-skipgform_ajax_framebjll=\"\"><\/iframe>\n<figcaption>\u00a0<br\/>\u00a0<br\/><strong>&#8222;Hexenberg&#8220; von G\u00fcnther Mohaupt Mo-46, Europahalle, M\u00f6dling<\/strong><\/figcaption><\/figure>\n\n\n\n<p class=\"wp-block-paragraph\"><div class=\"epyt-gallery\" data-currpage=\"1\" id=\"epyt_gallery_66378\"><figure class=\"wp-block-embed wp-block-embed-youtube is-type-video is-provider-youtube epyt-figure\"><div class=\"wp-block-embed__wrapper\"><iframe loading=\"lazy\"  id=\"_ytid_44569\"  width=\"1257\" height=\"707\"  data-origwidth=\"1257\" data-origheight=\"707\" src=\"https:\/\/www.youtube.com\/embed\/fST4sfPNO8o?enablejsapi=1&autoplay=0&cc_load_policy=0&cc_lang_pref=&iv_load_policy=1&loop=0&rel=1&fs=1&playsinline=0&autohide=2&theme=dark&color=red&controls=1&disablekb=0&\" class=\"__youtube_prefs__  no-lazyload\" title=\"YouTube player\"  data-epytgalleryid=\"epyt_gallery_66378\"  allow=\"fullscreen; accelerometer; autoplay; clipboard-write; encrypted-media; gyroscope; picture-in-picture; web-share\" referrerpolicy=\"strict-origin-when-cross-origin\" allowfullscreen data-no-lazy=\"1\" data-skipgform_ajax_framebjll=\"\"><\/iframe><\/div><\/figure><div class=\"epyt-gallery-list\"><div class=\"epyt-pagination \"><div tabindex=\"0\" role=\"button\" class=\"epyt-pagebutton epyt-prev  hide \" data-playlistid=\"UUMH4AmebUH9QquO0t-h113A\" data-pagesize=\"6\" data-pagetoken=\"\" data-epcolumns=\"3\" data-showtitle=\"1\" data-showpaging=\"1\" data-autonext=\"0\" data-thumbplay=\"1\"><div class=\"epyt-arrow\">&laquo;<\/div> <div>Prev<\/div><\/div><div class=\"epyt-pagenumbers \"><div class=\"epyt-current\">1<\/div><div class=\"epyt-pageseparator\"> \/ <\/div><div class=\"epyt-totalpages\">16<\/div><\/div><div tabindex=\"0\" role=\"button\" class=\"epyt-pagebutton epyt-next\" data-playlistid=\"UUMH4AmebUH9QquO0t-h113A\" data-pagesize=\"6\" data-pagetoken=\"EAAaHlBUOkNBWWlFRFEzT0VFM05qRXhRVGMyUWtaRk1Eaw\" data-epcolumns=\"3\" data-showtitle=\"1\" data-showpaging=\"1\" data-autonext=\"0\" data-thumbplay=\"1\"><div>Next<\/div> <div class=\"epyt-arrow\">&raquo;<\/div><\/div><div class=\"epyt-loader\"><img loading=\"lazy\" decoding=\"async\" alt=\"loading\" width=\"16\" height=\"11\" src=\"http:\/\/www.cronopio.de\/grosse-komponisten-in-moedling\/wp-content\/plugins\/youtube-embed-plus\/images\/gallery-page-loader.gif\"><\/div><\/div><div class=\"epyt-gallery-allthumbs  epyt-cols-3 \"><div tabindex=\"0\" role=\"button\" data-videoid=\"fST4sfPNO8o\" class=\"epyt-gallery-thumb\"><div class=\"epyt-gallery-img-box\"><div class=\"epyt-gallery-img\" style=\"background-image: url(https:\/\/i.ytimg.com\/vi\/fST4sfPNO8o\/hqdefault.jpg)\"><div class=\"epyt-gallery-playhover\"><img loading=\"lazy\" decoding=\"async\" alt=\"play\" class=\"epyt-play-img\" width=\"30\" height=\"23\" src=\"http:\/\/www.cronopio.de\/grosse-komponisten-in-moedling\/wp-content\/plugins\/youtube-embed-plus\/images\/playhover.png\" data-no-lazy=\"1\" data-skipgform_ajax_framebjll=\"\" \/><div class=\"epyt-gallery-playcrutch\"><\/div><\/div><\/div><\/div><div class=\"epyt-gallery-title\">Wegweiser f\u00fcr W\u00fcnsche (Mohaupt)<\/div><\/div><div tabindex=\"0\" role=\"button\" data-videoid=\"EKQuxkGezqQ\" class=\"epyt-gallery-thumb\"><div class=\"epyt-gallery-img-box\"><div class=\"epyt-gallery-img\" style=\"background-image: url(https:\/\/i.ytimg.com\/vi\/EKQuxkGezqQ\/hqdefault.jpg)\"><div class=\"epyt-gallery-playhover\"><img loading=\"lazy\" decoding=\"async\" alt=\"play\" class=\"epyt-play-img\" width=\"30\" height=\"23\" src=\"http:\/\/www.cronopio.de\/grosse-komponisten-in-moedling\/wp-content\/plugins\/youtube-embed-plus\/images\/playhover.png\" data-no-lazy=\"1\" data-skipgform_ajax_framebjll=\"\" \/><div class=\"epyt-gallery-playcrutch\"><\/div><\/div><\/div><\/div><div class=\"epyt-gallery-title\">Donauwalzer im Original<\/div><\/div><div tabindex=\"0\" role=\"button\" data-videoid=\"OEnvr3lwGYY\" class=\"epyt-gallery-thumb\"><div class=\"epyt-gallery-img-box\"><div class=\"epyt-gallery-img\" style=\"background-image: url(https:\/\/i.ytimg.com\/vi\/OEnvr3lwGYY\/hqdefault.jpg)\"><div class=\"epyt-gallery-playhover\"><img loading=\"lazy\" decoding=\"async\" alt=\"play\" class=\"epyt-play-img\" width=\"30\" height=\"23\" src=\"http:\/\/www.cronopio.de\/grosse-komponisten-in-moedling\/wp-content\/plugins\/youtube-embed-plus\/images\/playhover.png\" data-no-lazy=\"1\" data-skipgform_ajax_framebjll=\"\" \/><div class=\"epyt-gallery-playcrutch\"><\/div><\/div><\/div><\/div><div class=\"epyt-gallery-title\">Promo Video Wiener Maennergesangverein<\/div><\/div><div class=\"epyt-gallery-rowbreak\"><\/div><div tabindex=\"0\" role=\"button\" data-videoid=\"xKv41BqZoFk\" class=\"epyt-gallery-thumb\"><div class=\"epyt-gallery-img-box\"><div class=\"epyt-gallery-img\" style=\"background-image: url(https:\/\/i.ytimg.com\/vi\/xKv41BqZoFk\/hqdefault.jpg)\"><div class=\"epyt-gallery-playhover\"><img loading=\"lazy\" decoding=\"async\" alt=\"play\" class=\"epyt-play-img\" width=\"30\" height=\"23\" src=\"http:\/\/www.cronopio.de\/grosse-komponisten-in-moedling\/wp-content\/plugins\/youtube-embed-plus\/images\/playhover.png\" data-no-lazy=\"1\" data-skipgform_ajax_framebjll=\"\" \/><div class=\"epyt-gallery-playcrutch\"><\/div><\/div><\/div><\/div><div class=\"epyt-gallery-title\">Mohaupt: Dinge des Leb&#039;ns<\/div><\/div><div tabindex=\"0\" role=\"button\" data-videoid=\"uHk2PhKObR0\" class=\"epyt-gallery-thumb\"><div class=\"epyt-gallery-img-box\"><div class=\"epyt-gallery-img\" style=\"background-image: url(https:\/\/i.ytimg.com\/vi\/uHk2PhKObR0\/hqdefault.jpg)\"><div class=\"epyt-gallery-playhover\"><img loading=\"lazy\" decoding=\"async\" alt=\"play\" class=\"epyt-play-img\" width=\"30\" height=\"23\" src=\"http:\/\/www.cronopio.de\/grosse-komponisten-in-moedling\/wp-content\/plugins\/youtube-embed-plus\/images\/playhover.png\" data-no-lazy=\"1\" data-skipgform_ajax_framebjll=\"\" \/><div class=\"epyt-gallery-playcrutch\"><\/div><\/div><\/div><\/div><div class=\"epyt-gallery-title\">Heiligabend: M: Mohaupt, T: Br\u00e4unling<\/div><\/div><div tabindex=\"0\" role=\"button\" data-videoid=\"NZfNz1FLhOI\" class=\"epyt-gallery-thumb\"><div class=\"epyt-gallery-img-box\"><div class=\"epyt-gallery-img\" style=\"background-image: url(https:\/\/i.ytimg.com\/vi\/NZfNz1FLhOI\/hqdefault.jpg)\"><div class=\"epyt-gallery-playhover\"><img loading=\"lazy\" decoding=\"async\" alt=\"play\" class=\"epyt-play-img\" width=\"30\" height=\"23\" src=\"http:\/\/www.cronopio.de\/grosse-komponisten-in-moedling\/wp-content\/plugins\/youtube-embed-plus\/images\/playhover.png\" data-no-lazy=\"1\" data-skipgform_ajax_framebjll=\"\" \/><div class=\"epyt-gallery-playcrutch\"><\/div><\/div><\/div><\/div><div class=\"epyt-gallery-title\">Wr. M\u00e4nnergesangverein: Macht des Schicksals<\/div><\/div><div class=\"epyt-gallery-rowbreak\"><\/div><div class=\"epyt-gallery-clear\"><\/div><\/div><div class=\"epyt-pagination \"><div tabindex=\"0\" role=\"button\" class=\"epyt-pagebutton epyt-prev  hide \" data-playlistid=\"UUMH4AmebUH9QquO0t-h113A\" data-pagesize=\"6\" data-pagetoken=\"\" data-epcolumns=\"3\" data-showtitle=\"1\" data-showpaging=\"1\" data-autonext=\"0\" data-thumbplay=\"1\"><div class=\"epyt-arrow\">&laquo;<\/div> <div>Prev<\/div><\/div><div class=\"epyt-pagenumbers \"><div class=\"epyt-current\">1<\/div><div class=\"epyt-pageseparator\"> \/ <\/div><div class=\"epyt-totalpages\">16<\/div><\/div><div tabindex=\"0\" role=\"button\" class=\"epyt-pagebutton epyt-next\" data-playlistid=\"UUMH4AmebUH9QquO0t-h113A\" data-pagesize=\"6\" data-pagetoken=\"EAAaHlBUOkNBWWlFRFEzT0VFM05qRXhRVGMyUWtaRk1Eaw\" data-epcolumns=\"3\" data-showtitle=\"1\" data-showpaging=\"1\" data-autonext=\"0\" data-thumbplay=\"1\"><div>Next<\/div> <div class=\"epyt-arrow\">&raquo;<\/div><\/div><div class=\"epyt-loader\"><img loading=\"lazy\" decoding=\"async\" alt=\"loading\" width=\"16\" height=\"11\" src=\"http:\/\/www.cronopio.de\/grosse-komponisten-in-moedling\/wp-content\/plugins\/youtube-embed-plus\/images\/gallery-page-loader.gif\"><\/div><\/div><\/div><\/div><\/p>\n","protected":false},"excerpt":{"rendered":"<p>\u201eIch komponiere, weil mir noch Musik fehlt. Ich m\u00f6chte mich keinem Stil unterordnen, weil ich jeden Tag etwas anderes empfinde und ich auch viel ausprobieren m\u00f6chte\u201c. http:\/\/www.guenther-mohaupt.at\/ Schule: Gymnasium Untere Bachgasse Beruf: Komponist, Chorleiter, Projektleiter, Regisseur, S\u00e4nger, Lehrer Berufung: Gr\u00fcnder und Obmann des Veranstaltungsvereines AUDITE- Freunde der Musik; Chorleiter: Vocal &hellip;<\/p>\n","protected":false},"author":2,"featured_media":0,"parent":0,"menu_order":0,"comment_status":"closed","ping_status":"closed","template":"","meta":{"_crdt_document":"","_themeisle_gutenberg_block_has_review":false,"h5ap_radio_sources":[],"footnotes":""},"class_list":["post-487","page","type-page","status-publish","hentry"],"_links":{"self":[{"href":"http:\/\/www.cronopio.de\/grosse-komponisten-in-moedling\/wp-json\/wp\/v2\/pages\/487","targetHints":{"allow":["GET"]}}],"collection":[{"href":"http:\/\/www.cronopio.de\/grosse-komponisten-in-moedling\/wp-json\/wp\/v2\/pages"}],"about":[{"href":"http:\/\/www.cronopio.de\/grosse-komponisten-in-moedling\/wp-json\/wp\/v2\/types\/page"}],"author":[{"embeddable":true,"href":"http:\/\/www.cronopio.de\/grosse-komponisten-in-moedling\/wp-json\/wp\/v2\/users\/2"}],"replies":[{"embeddable":true,"href":"http:\/\/www.cronopio.de\/grosse-komponisten-in-moedling\/wp-json\/wp\/v2\/comments?post=487"}],"version-history":[{"count":8,"href":"http:\/\/www.cronopio.de\/grosse-komponisten-in-moedling\/wp-json\/wp\/v2\/pages\/487\/revisions"}],"predecessor-version":[{"id":779,"href":"http:\/\/www.cronopio.de\/grosse-komponisten-in-moedling\/wp-json\/wp\/v2\/pages\/487\/revisions\/779"}],"wp:attachment":[{"href":"http:\/\/www.cronopio.de\/grosse-komponisten-in-moedling\/wp-json\/wp\/v2\/media?parent=487"}],"curies":[{"name":"wp","href":"https:\/\/api.w.org\/{rel}","templated":true}]}}