{"id":387,"date":"2018-08-24T21:21:09","date_gmt":"2018-08-24T19:21:09","guid":{"rendered":"http:\/\/www.cronopio.de\/grosse-komponisten-in-moedling\/?page_id=387"},"modified":"2018-09-13T23:06:39","modified_gmt":"2018-09-13T21:06:39","slug":"das-schoenberghaus","status":"publish","type":"page","link":"http:\/\/www.cronopio.de\/grosse-komponisten-in-moedling\/arnold-schoenberg\/das-schoenberghaus\/","title":{"rendered":"Das Sch\u00f6nberghaus"},"content":{"rendered":"\n<p class=\"wp-block-paragraph\">1905 von Stadtbaumeister Martin Breyer erbautes, 2-geschossiges Eckwohnhaus mit sp\u00e4thistoristischer Fassade, Eckturm und gartenseitiger Holzveranda.<\/p>\n\n\n\n<p class=\"wp-block-paragraph\">Die Wohnung, f\u00fcr 200 Kronen monatlich, lag im Hochparterre. Im Arbeitszimmer des Komponisten befanden sich ein Klavier, ein Harmonium, Geigen, Viola und Violoncello, seine komplette Bibliothek, ein Schreibtisch und ein Stehpult.<\/p>\n\n\n\n<p class=\"wp-block-paragraph\">1970 wurde der drohende Abriss des Hauses Dank der Initiative des Musikkritikers Walter Szmolyan und der Verlegerin Elisabeth Lafite verhindert und 1972 das Geb\u00e4ude wurde unter Denkmalschutz gestellt. Ankauf durch die <a href=\"https:\/\/www.schoenberg.at\/index.php\/de\/\">Internationale Sch\u00f6nberg Gesellschaft<\/a>\u00a0 (ISG) mittels Subventionen des Landes N\u00d6, der Stadt M\u00f6dling, der Stadt Wien und des Bundesministeriums f\u00fcr Unterricht und Kunst.<\/p>\n\n\n\n<p class=\"wp-block-paragraph\">6.6.1974 Er\u00f6ffnung des \u201eSch\u00f6nberghauses\u201c als Ged\u00e4chtnis-,\u00a0 Dokumentations- und Seminarst\u00e4tte in Anwesenheit von Nuria, Ronald und Lawrence Sch\u00f6nberg durch den damaligen Wissenschaftsminister Fred Sinowatz.<\/p>\n\n\n\n<p class=\"wp-block-paragraph\">Heute im Sch\u00f6nberghaus:<\/p>\n\n\n\n<ul class=\"wp-block-list\"><li>Dauerausstellung von Bildern, Schautafeln, Video- und H\u00f6rstationen, Originalmobiliar, Originalinstrumente<\/li><li>Konzerte<\/li><li>Kompositions- und Interpretationskurse<\/li><\/ul>\n\n\n\n<p class=\"wp-block-paragraph\"><br type=\"_moz\"\/><\/p>\n\n\n\n<ul class=\"wp-block-gallery columns-3 wp-block-gallery-1 is-layout-flex wp-block-gallery-is-layout-flex\"><li class=\"blocks-gallery-item\"><figure><a href=\"http:\/\/www.cronopio.de\/grosse-komponisten-in-moedling\/arnold-schoenberg\/das-schoenberghaus\/olympus-digital-camera-23\/\"><img loading=\"lazy\" decoding=\"async\" width=\"1272\" height=\"745\" src=\"http:\/\/www.cronopio.de\/grosse-komponisten-in-moedling\/wp-content\/uploads\/sites\/7\/2018\/08\/P3224277.jpg\" alt=\"\" data-id=\"391\" data-link=\"http:\/\/www.cronopio.de\/grosse-komponisten-in-moedling\/arnold-schoenberg\/das-schoenberghaus\/olympus-digital-camera-23\/\" class=\"wp-image-391\" srcset=\"http:\/\/www.cronopio.de\/grosse-komponisten-in-moedling\/wp-content\/uploads\/sites\/7\/2018\/08\/P3224277.jpg 1272w, http:\/\/www.cronopio.de\/grosse-komponisten-in-moedling\/wp-content\/uploads\/sites\/7\/2018\/08\/P3224277-300x176.jpg 300w, http:\/\/www.cronopio.de\/grosse-komponisten-in-moedling\/wp-content\/uploads\/sites\/7\/2018\/08\/P3224277-768x450.jpg 768w, http:\/\/www.cronopio.de\/grosse-komponisten-in-moedling\/wp-content\/uploads\/sites\/7\/2018\/08\/P3224277-1024x600.jpg 1024w, http:\/\/www.cronopio.de\/grosse-komponisten-in-moedling\/wp-content\/uploads\/sites\/7\/2018\/08\/P3224277-341x200.jpg 341w, http:\/\/www.cronopio.de\/grosse-komponisten-in-moedling\/wp-content\/uploads\/sites\/7\/2018\/08\/P3224277-426x250.jpg 426w\" sizes=\"auto, (max-width: 1272px) 100vw, 1272px\" \/><\/a><\/figure><\/li><li class=\"blocks-gallery-item\"><figure><a href=\"http:\/\/www.cronopio.de\/grosse-komponisten-in-moedling\/arnold-schoenberg\/das-schoenberghaus\/olympus-digital-camera-24\/\"><img loading=\"lazy\" decoding=\"async\" width=\"1000\" height=\"558\" src=\"http:\/\/www.cronopio.de\/grosse-komponisten-in-moedling\/wp-content\/uploads\/sites\/7\/2018\/08\/P3224278.jpg\" alt=\"\" data-id=\"392\" data-link=\"http:\/\/www.cronopio.de\/grosse-komponisten-in-moedling\/arnold-schoenberg\/das-schoenberghaus\/olympus-digital-camera-24\/\" class=\"wp-image-392\" srcset=\"http:\/\/www.cronopio.de\/grosse-komponisten-in-moedling\/wp-content\/uploads\/sites\/7\/2018\/08\/P3224278.jpg 1000w, http:\/\/www.cronopio.de\/grosse-komponisten-in-moedling\/wp-content\/uploads\/sites\/7\/2018\/08\/P3224278-300x167.jpg 300w, http:\/\/www.cronopio.de\/grosse-komponisten-in-moedling\/wp-content\/uploads\/sites\/7\/2018\/08\/P3224278-768x429.jpg 768w, http:\/\/www.cronopio.de\/grosse-komponisten-in-moedling\/wp-content\/uploads\/sites\/7\/2018\/08\/P3224278-358x200.jpg 358w\" sizes=\"auto, (max-width: 1000px) 100vw, 1000px\" \/><\/a><\/figure><\/li><li class=\"blocks-gallery-item\"><figure><a href=\"http:\/\/www.cronopio.de\/grosse-komponisten-in-moedling\/arnold-schoenberg\/das-schoenberghaus\/olympus-digital-camera-25\/\"><img loading=\"lazy\" decoding=\"async\" width=\"3061\" height=\"2735\" src=\"http:\/\/www.cronopio.de\/grosse-komponisten-in-moedling\/wp-content\/uploads\/sites\/7\/2018\/08\/P3224274.jpg\" alt=\"\" data-id=\"394\" data-link=\"http:\/\/www.cronopio.de\/grosse-komponisten-in-moedling\/arnold-schoenberg\/das-schoenberghaus\/olympus-digital-camera-25\/\" class=\"wp-image-394\" srcset=\"http:\/\/www.cronopio.de\/grosse-komponisten-in-moedling\/wp-content\/uploads\/sites\/7\/2018\/08\/P3224274.jpg 3061w, http:\/\/www.cronopio.de\/grosse-komponisten-in-moedling\/wp-content\/uploads\/sites\/7\/2018\/08\/P3224274-300x268.jpg 300w, http:\/\/www.cronopio.de\/grosse-komponisten-in-moedling\/wp-content\/uploads\/sites\/7\/2018\/08\/P3224274-768x686.jpg 768w, http:\/\/www.cronopio.de\/grosse-komponisten-in-moedling\/wp-content\/uploads\/sites\/7\/2018\/08\/P3224274-1024x915.jpg 1024w, http:\/\/www.cronopio.de\/grosse-komponisten-in-moedling\/wp-content\/uploads\/sites\/7\/2018\/08\/P3224274-224x200.jpg 224w\" sizes=\"auto, (max-width: 3061px) 100vw, 3061px\" \/><\/a><\/figure><\/li><li class=\"blocks-gallery-item\"><figure><a href=\"http:\/\/www.cronopio.de\/grosse-komponisten-in-moedling\/arnold-schoenberg\/das-schoenberghaus\/shm_aktuell2\/\"><img loading=\"lazy\" decoding=\"async\" width=\"700\" height=\"525\" src=\"http:\/\/www.cronopio.de\/grosse-komponisten-in-moedling\/wp-content\/uploads\/sites\/7\/2018\/08\/shm_aktuell2.jpg\" alt=\"\" data-id=\"393\" data-link=\"http:\/\/www.cronopio.de\/grosse-komponisten-in-moedling\/arnold-schoenberg\/das-schoenberghaus\/shm_aktuell2\/\" class=\"wp-image-393\" srcset=\"http:\/\/www.cronopio.de\/grosse-komponisten-in-moedling\/wp-content\/uploads\/sites\/7\/2018\/08\/shm_aktuell2.jpg 700w, http:\/\/www.cronopio.de\/grosse-komponisten-in-moedling\/wp-content\/uploads\/sites\/7\/2018\/08\/shm_aktuell2-300x225.jpg 300w, http:\/\/www.cronopio.de\/grosse-komponisten-in-moedling\/wp-content\/uploads\/sites\/7\/2018\/08\/shm_aktuell2-267x200.jpg 267w\" sizes=\"auto, (max-width: 700px) 100vw, 700px\" \/><\/a><\/figure><\/li><li class=\"blocks-gallery-item\"><figure><a href=\"http:\/\/www.cronopio.de\/grosse-komponisten-in-moedling\/arnold-schoenberg\/das-schoenberghaus\/olympus-digital-camera-2\/\"><img loading=\"lazy\" decoding=\"async\" width=\"800\" height=\"1077\" src=\"http:\/\/www.cronopio.de\/grosse-komponisten-in-moedling\/wp-content\/uploads\/sites\/7\/2018\/09\/P9064841.jpg\" alt=\"Sch\u00f6nbergs Saiteninstrumente\" data-id=\"824\" data-link=\"http:\/\/www.cronopio.de\/grosse-komponisten-in-moedling\/arnold-schoenberg\/das-schoenberghaus\/olympus-digital-camera-2\/\" class=\"wp-image-824\" srcset=\"http:\/\/www.cronopio.de\/grosse-komponisten-in-moedling\/wp-content\/uploads\/sites\/7\/2018\/09\/P9064841.jpg 800w, http:\/\/www.cronopio.de\/grosse-komponisten-in-moedling\/wp-content\/uploads\/sites\/7\/2018\/09\/P9064841-223x300.jpg 223w, http:\/\/www.cronopio.de\/grosse-komponisten-in-moedling\/wp-content\/uploads\/sites\/7\/2018\/09\/P9064841-768x1034.jpg 768w, http:\/\/www.cronopio.de\/grosse-komponisten-in-moedling\/wp-content\/uploads\/sites\/7\/2018\/09\/P9064841-761x1024.jpg 761w, http:\/\/www.cronopio.de\/grosse-komponisten-in-moedling\/wp-content\/uploads\/sites\/7\/2018\/09\/P9064841-149x200.jpg 149w\" sizes=\"auto, (max-width: 800px) 100vw, 800px\" \/><\/a><figcaption>Sch\u00f6nbergs Saiteninstrumente<\/figcaption><\/figure><\/li><\/ul>\n","protected":false},"excerpt":{"rendered":"<p>1905 von Stadtbaumeister Martin Breyer erbautes, 2-geschossiges Eckwohnhaus mit sp\u00e4thistoristischer Fassade, Eckturm und gartenseitiger Holzveranda. Die Wohnung, f\u00fcr 200 Kronen monatlich, lag im Hochparterre. Im Arbeitszimmer des Komponisten befanden sich ein Klavier, ein Harmonium, Geigen, Viola und Violoncello, seine komplette Bibliothek, ein Schreibtisch und ein Stehpult. 1970 wurde der drohende &hellip;<\/p>\n","protected":false},"author":2,"featured_media":0,"parent":86,"menu_order":0,"comment_status":"closed","ping_status":"closed","template":"","meta":{"_crdt_document":"","_themeisle_gutenberg_block_has_review":false,"h5ap_radio_sources":[],"footnotes":""},"class_list":["post-387","page","type-page","status-publish","hentry"],"_links":{"self":[{"href":"http:\/\/www.cronopio.de\/grosse-komponisten-in-moedling\/wp-json\/wp\/v2\/pages\/387","targetHints":{"allow":["GET"]}}],"collection":[{"href":"http:\/\/www.cronopio.de\/grosse-komponisten-in-moedling\/wp-json\/wp\/v2\/pages"}],"about":[{"href":"http:\/\/www.cronopio.de\/grosse-komponisten-in-moedling\/wp-json\/wp\/v2\/types\/page"}],"author":[{"embeddable":true,"href":"http:\/\/www.cronopio.de\/grosse-komponisten-in-moedling\/wp-json\/wp\/v2\/users\/2"}],"replies":[{"embeddable":true,"href":"http:\/\/www.cronopio.de\/grosse-komponisten-in-moedling\/wp-json\/wp\/v2\/comments?post=387"}],"version-history":[{"count":6,"href":"http:\/\/www.cronopio.de\/grosse-komponisten-in-moedling\/wp-json\/wp\/v2\/pages\/387\/revisions"}],"predecessor-version":[{"id":828,"href":"http:\/\/www.cronopio.de\/grosse-komponisten-in-moedling\/wp-json\/wp\/v2\/pages\/387\/revisions\/828"}],"up":[{"embeddable":true,"href":"http:\/\/www.cronopio.de\/grosse-komponisten-in-moedling\/wp-json\/wp\/v2\/pages\/86"}],"wp:attachment":[{"href":"http:\/\/www.cronopio.de\/grosse-komponisten-in-moedling\/wp-json\/wp\/v2\/media?parent=387"}],"curies":[{"name":"wp","href":"https:\/\/api.w.org\/{rel}","templated":true}]}}